{"id":93003,"date":"2025-12-05T02:17:28","date_gmt":"2025-12-04T23:17:28","guid":{"rendered":"https:\/\/baldumarket.lt\/product\/komoda-metalowo-debowa-metal-kd371-dab-dark\/"},"modified":"2026-02-03T23:58:20","modified_gmt":"2026-02-03T20:58:20","slug":"komoda-metalowo-debowa-metal-kd371-dab-dark","status":"publish","type":"product","link":"https:\/\/baldumarket.lt\/lt\/product\/komoda-metalowo-debowa-metal-kd371-dab-dark\/","title":{"rendered":"Metalin\u0117 ir \u0105\u017euolin\u0117 komoda METALAS KD371 tamsaus \u0105\u017euolo spalvos"},"content":{"rendered":"<p>Komoda KD371 buvo sukurta galvojant apie modern\u0173, industrin\u012f interjer\u0105. Ji pasi\u017eymi paprastu dizainu ir geometrin\u0117mis formomis. Funkcional\u016bs stal\u010diai pagaminti i\u0161 tvirtos, nat\u016bralaus \u0105\u017euolo medienos. Visa konstrukcija integruota \u012f metalin\u012f r\u0117m\u0105. Tai sukuria unikal\u0173 dizain\u0105, kuris gali tapti bet kokio interjero traukos centru. Komoda KD371 yra puikus baldas moderniam, stilingam interjerui.<\/p>","protected":false},"excerpt":{"rendered":"<p>The KD371 chest of drawers was created with modern, industrial interiors in mind. It features a simple design and geometric shapes. The functional drawers are crafted from solid, natural oak wood. The entire structure is integrated into a metal frame. This creates a unique design that can serve as the focal point of any interior. [&hellip;]<\/p>","protected":false},"featured_media":92994,"comment_status":"open","ping_status":"open","template":"","meta":[],"product_brand":[],"product_cat":[9316,9303,1173,2113],"product_tag":[],"class_list":{"0":"post-93003","1":"product","2":"type-product","3":"status-publish","4":"has-post-thumbnail","6":"product_cat-metal-collection-drewmax","7":"product_cat-oak-furniture-drewmax","8":"product_cat-chests-of-drawers","9":"product_cat-drewmax","11":"first","12":"instock","13":"purchasable","14":"product-type-simple"},"_links":{"self":[{"href":"https:\/\/baldumarket.lt\/lt\/wp-json\/wp\/v2\/product\/93003","targetHints":{"allow":["GET"]}}],"collection":[{"href":"https:\/\/baldumarket.lt\/lt\/wp-json\/wp\/v2\/product"}],"about":[{"href":"https:\/\/baldumarket.lt\/lt\/wp-json\/wp\/v2\/types\/product"}],"replies":[{"embeddable":true,"href":"https:\/\/baldumarket.lt\/lt\/wp-json\/wp\/v2\/comments?post=93003"}],"wp:featuredmedia":[{"embeddable":true,"href":"https:\/\/baldumarket.lt\/lt\/wp-json\/wp\/v2\/media\/92994"}],"wp:attachment":[{"href":"https:\/\/baldumarket.lt\/lt\/wp-json\/wp\/v2\/media?parent=93003"}],"wp:term":[{"taxonomy":"product_brand","embeddable":true,"href":"https:\/\/baldumarket.lt\/lt\/wp-json\/wp\/v2\/product_brand?post=93003"},{"taxonomy":"product_cat","embeddable":true,"href":"https:\/\/baldumarket.lt\/lt\/wp-json\/wp\/v2\/product_cat?post=93003"},{"taxonomy":"product_tag","embeddable":true,"href":"https:\/\/baldumarket.lt\/lt\/wp-json\/wp\/v2\/product_tag?post=93003"}],"curies":[{"name":"wp","href":"https:\/\/api.w.org\/{rel}","templated":true}]}}