{"id":92999,"date":"2025-12-05T02:17:25","date_gmt":"2025-12-04T23:17:25","guid":{"rendered":"https:\/\/baldumarket.lt\/product\/komoda-metalowo-debowa-metal-kd370-dab-naturalny\/"},"modified":"2026-02-03T23:58:20","modified_gmt":"2026-02-03T20:58:20","slug":"komoda-metalowo-debowa-metal-kd370-dab-naturalny","status":"publish","type":"product","link":"https:\/\/baldumarket.lt\/lt\/product\/komoda-metalowo-debowa-metal-kd370-dab-naturalny\/","title":{"rendered":"Metalin\u0117 ir \u0105\u017euolin\u0117 komoda METALAS KD370 nat\u016bralus \u0105\u017euolas"},"content":{"rendered":"<p>KD370 komoda pagaminta i\u0161 tvirtos, nat\u016bralaus \u0105\u017euolo medienos ir juodo metalo. \u0160is derinys sukuria unikal\u0173 dizain\u0105, puikiai tinkant\u012f moderniam ir industriniam interjerui. Nat\u016bralaus med\u017eio stal\u010di\u0173 \u0161iluma suteiks jaukumo bet kuriam kambariui. Geometrinis metalinis r\u0117mas suteikia stiliaus. KD370 komoda \u2013 puikus baldas moderniam, stilingam interjerui.<\/p>","protected":false},"excerpt":{"rendered":"<p>KD370 komoda pagaminta i\u0161 tvirtos, nat\u016bralaus \u0105\u017euolo medienos ir juodo metalo. \u0160is derinys sukuria unikal\u0173 dizain\u0105, puikiai tinkant\u012f moderniam ir industriniam interjerui. Nat\u016bralaus med\u017eio stal\u010di\u0173 \u0161iluma suteiks jaukumo bet kuriam kambariui. Geometrinis metalinis r\u0117mas suteikia stiliaus. KD370 [\u2026]<\/p>","protected":false},"featured_media":93000,"comment_status":"open","ping_status":"open","template":"","meta":[],"product_brand":[],"product_cat":[9316,9303,1173,2113],"product_tag":[],"class_list":{"0":"post-92999","1":"product","2":"type-product","3":"status-publish","4":"has-post-thumbnail","6":"product_cat-metal-collection-drewmax","7":"product_cat-oak-furniture-drewmax","8":"product_cat-chests-of-drawers","9":"product_cat-drewmax","11":"first","12":"instock","13":"purchasable","14":"product-type-simple"},"_links":{"self":[{"href":"https:\/\/baldumarket.lt\/lt\/wp-json\/wp\/v2\/product\/92999","targetHints":{"allow":["GET"]}}],"collection":[{"href":"https:\/\/baldumarket.lt\/lt\/wp-json\/wp\/v2\/product"}],"about":[{"href":"https:\/\/baldumarket.lt\/lt\/wp-json\/wp\/v2\/types\/product"}],"replies":[{"embeddable":true,"href":"https:\/\/baldumarket.lt\/lt\/wp-json\/wp\/v2\/comments?post=92999"}],"wp:featuredmedia":[{"embeddable":true,"href":"https:\/\/baldumarket.lt\/lt\/wp-json\/wp\/v2\/media\/93000"}],"wp:attachment":[{"href":"https:\/\/baldumarket.lt\/lt\/wp-json\/wp\/v2\/media?parent=92999"}],"wp:term":[{"taxonomy":"product_brand","embeddable":true,"href":"https:\/\/baldumarket.lt\/lt\/wp-json\/wp\/v2\/product_brand?post=92999"},{"taxonomy":"product_cat","embeddable":true,"href":"https:\/\/baldumarket.lt\/lt\/wp-json\/wp\/v2\/product_cat?post=92999"},{"taxonomy":"product_tag","embeddable":true,"href":"https:\/\/baldumarket.lt\/lt\/wp-json\/wp\/v2\/product_tag?post=92999"}],"curies":[{"name":"wp","href":"https:\/\/api.w.org\/{rel}","templated":true}]}}