{"id":92983,"date":"2025-12-05T02:17:09","date_gmt":"2025-12-04T23:17:09","guid":{"rendered":"https:\/\/baldumarket.lt\/product\/komoda-sosnowa-corsica-kd103-sosna-grey\/"},"modified":"2026-02-03T23:58:22","modified_gmt":"2026-02-03T20:58:22","slug":"komoda-sosnowa-corsica-kd103-sosna-grey","status":"publish","type":"product","link":"https:\/\/baldumarket.lt\/lt\/product\/komoda-sosnowa-corsica-kd103-sosna-grey\/","title":{"rendered":"CORSICA KD103 pu\u0161ies komoda, pilka pu\u0161is"},"content":{"rendered":"<p>KD103 pu\u0161in\u0117 komoda su\u017eav\u0117s klasikinio ir nesenstan\u010dio interjero m\u0117g\u0117jus. Minimalistinis dizainas leid\u017eia jai skland\u017eiai \u012fsilieti \u012f beveik bet kok\u012f interjero dizain\u0105. Ai\u0161kiai matoma nat\u016bralios medienos tekst\u016bra suteikia \u017eavesio ir \u0161ilumos kambariui, kuriame ji eksponuojama. Su KD103 komoda galite sukurti gra\u017e\u0173, ne\u012ftik\u0117tinai jauk\u0173, ta\u010diau funkcional\u0173 interjer\u0105. Erdv\u016bs stal\u010diai suteikia daug vietos nam\u0173 apyvokos daiktams susid\u0117ti. Didelis stalvir\u0161is puikiai tinka \u0161eimos relikvijoms ar nuotraukoms eksponuoti.<\/p>","protected":false},"excerpt":{"rendered":"<p>KD103 pu\u0161in\u0117 komoda su\u017eav\u0117s klasikinio ir nesenstan\u010dio interjero m\u0117g\u0117jus. Minimalistinis dizainas leid\u017eia jai skland\u017eiai \u012fsilieti \u012f beveik bet kok\u012f interjero dizain\u0105. Ai\u0161kiai matoma nat\u016bralios medienos tekst\u016bra suteikia \u017eavesio ir \u0161ilumos kambariui, kuriame ji eksponuojama. Su KD103 komoda galite sukurti [\u2026]<\/p>","protected":false},"featured_media":92975,"comment_status":"open","ping_status":"open","template":"","meta":[],"product_brand":[],"product_cat":[9318,9305,1173,2113],"product_tag":[],"class_list":{"0":"post-92983","1":"product","2":"type-product","3":"status-publish","4":"has-post-thumbnail","6":"product_cat-kolekcja-corsica-drewmax","7":"product_cat-pine-furniture-drewmax","8":"product_cat-chests-of-drawers","9":"product_cat-drewmax","11":"first","12":"instock","13":"purchasable","14":"product-type-simple"},"_links":{"self":[{"href":"https:\/\/baldumarket.lt\/lt\/wp-json\/wp\/v2\/product\/92983","targetHints":{"allow":["GET"]}}],"collection":[{"href":"https:\/\/baldumarket.lt\/lt\/wp-json\/wp\/v2\/product"}],"about":[{"href":"https:\/\/baldumarket.lt\/lt\/wp-json\/wp\/v2\/types\/product"}],"replies":[{"embeddable":true,"href":"https:\/\/baldumarket.lt\/lt\/wp-json\/wp\/v2\/comments?post=92983"}],"wp:featuredmedia":[{"embeddable":true,"href":"https:\/\/baldumarket.lt\/lt\/wp-json\/wp\/v2\/media\/92975"}],"wp:attachment":[{"href":"https:\/\/baldumarket.lt\/lt\/wp-json\/wp\/v2\/media?parent=92983"}],"wp:term":[{"taxonomy":"product_brand","embeddable":true,"href":"https:\/\/baldumarket.lt\/lt\/wp-json\/wp\/v2\/product_brand?post=92983"},{"taxonomy":"product_cat","embeddable":true,"href":"https:\/\/baldumarket.lt\/lt\/wp-json\/wp\/v2\/product_cat?post=92983"},{"taxonomy":"product_tag","embeddable":true,"href":"https:\/\/baldumarket.lt\/lt\/wp-json\/wp\/v2\/product_tag?post=92983"}],"curies":[{"name":"wp","href":"https:\/\/api.w.org\/{rel}","templated":true}]}}