{"id":92836,"date":"2025-12-05T02:14:37","date_gmt":"2025-12-04T23:14:37","guid":{"rendered":"https:\/\/baldumarket.lt\/product\/komoda-sosnowa-corsica-kd133-sosna-dab\/"},"modified":"2026-02-03T23:58:54","modified_gmt":"2026-02-03T20:58:54","slug":"komoda-sosnowa-corsica-kd133-sosna-dab","status":"publish","type":"product","link":"https:\/\/baldumarket.lt\/lt\/product\/komoda-sosnowa-corsica-kd133-sosna-dab\/","title":{"rendered":"CORSICA KD133 pu\u0161ies komoda, pu\u0161is \u0105\u017euolas"},"content":{"rendered":"<p>Kampin\u0117 komoda KD133 leid\u017eia i\u0161naudoti net ir ma\u017eiausi\u0105 erdv\u0119 namuose. KD133 komoda su\u017eav\u0117s klasikinio ir nesenstan\u010dio interjero m\u0117g\u0117jus. Minimalistinis dizainas leid\u017eia jai der\u0117ti prie beveik bet kokio interjero. Ai\u0161kiai matoma nat\u016bralios medienos, i\u0161 kurios ji pagaminta, tekst\u016bra suteikia \u017eavesio ir \u0161ilumos kambariui, kuriame ji eksponuojama. Su KD133 komoda galite sukurti gra\u017e\u0173, ne\u012ftik\u0117tinai jauk\u0173, ta\u010diau funkcional\u0173 interjer\u0105. Didelis stalvir\u0161is, kuriame yra lengvai atidaromi, erdv\u016bs stal\u010diai ir prakti\u0161kos spintel\u0117s nam\u0173 apyvokos daiktams susid\u0117ti, puikiai tinka \u0161eimos relikvijoms ar nuotraukoms eksponuoti.<\/p>","protected":false},"excerpt":{"rendered":"<p>Kampin\u0117 komoda KD133 leid\u017eia i\u0161naudoti net ir ma\u017eiausi\u0105 erdv\u0119 namuose. Komoda KD133 su\u017eav\u0117s klasikinio ir nesenstan\u010dio interjero m\u0117g\u0117jus. Minimalistinis dizainas leid\u017eia jai der\u0117ti prie beveik bet kokio interjero. Ai\u0161kiai matoma nat\u016bralios medienos, i\u0161 kurios ji pagaminta, tekst\u016bra [\u2026]<\/p>","protected":false},"featured_media":92831,"comment_status":"open","ping_status":"open","template":"","meta":[],"product_brand":[],"product_cat":[9318,9305,1173,2113],"product_tag":[],"class_list":{"0":"post-92836","1":"product","2":"type-product","3":"status-publish","4":"has-post-thumbnail","6":"product_cat-kolekcja-corsica-drewmax","7":"product_cat-pine-furniture-drewmax","8":"product_cat-chests-of-drawers","9":"product_cat-drewmax","11":"first","12":"instock","13":"purchasable","14":"product-type-simple"},"_links":{"self":[{"href":"https:\/\/baldumarket.lt\/lt\/wp-json\/wp\/v2\/product\/92836","targetHints":{"allow":["GET"]}}],"collection":[{"href":"https:\/\/baldumarket.lt\/lt\/wp-json\/wp\/v2\/product"}],"about":[{"href":"https:\/\/baldumarket.lt\/lt\/wp-json\/wp\/v2\/types\/product"}],"replies":[{"embeddable":true,"href":"https:\/\/baldumarket.lt\/lt\/wp-json\/wp\/v2\/comments?post=92836"}],"wp:featuredmedia":[{"embeddable":true,"href":"https:\/\/baldumarket.lt\/lt\/wp-json\/wp\/v2\/media\/92831"}],"wp:attachment":[{"href":"https:\/\/baldumarket.lt\/lt\/wp-json\/wp\/v2\/media?parent=92836"}],"wp:term":[{"taxonomy":"product_brand","embeddable":true,"href":"https:\/\/baldumarket.lt\/lt\/wp-json\/wp\/v2\/product_brand?post=92836"},{"taxonomy":"product_cat","embeddable":true,"href":"https:\/\/baldumarket.lt\/lt\/wp-json\/wp\/v2\/product_cat?post=92836"},{"taxonomy":"product_tag","embeddable":true,"href":"https:\/\/baldumarket.lt\/lt\/wp-json\/wp\/v2\/product_tag?post=92836"}],"curies":[{"name":"wp","href":"https:\/\/api.w.org\/{rel}","templated":true}]}}