{"id":92715,"date":"2025-12-05T02:12:25","date_gmt":"2025-12-04T23:12:25","guid":{"rendered":"https:\/\/baldumarket.lt\/product\/krzeslko-do-karmienia-ad220-buk-naturalny\/"},"modified":"2026-02-03T23:59:17","modified_gmt":"2026-02-03T20:59:17","slug":"krzeslko-do-karmienia-ad220-buk-naturalny","status":"publish","type":"product","link":"https:\/\/baldumarket.lt\/lt\/product\/krzeslko-do-karmienia-ad220-buk-naturalny\/","title":{"rendered":"AD220 maitinimo k\u0117dut\u0117, nat\u016bralus bukas"},"content":{"rendered":"<p>Daugiafunkcin\u0117 maitinimo k\u0117dut\u0117 AD220 skirta ma\u017eiems vaikams maitinti, o i\u0161skleista ji sukuria atskir\u0105 stal\u0105 ir k\u0117dut\u0119 vyresniems vaikams. Pagaminta i\u0161 buko medienos, ji turi saugos dir\u017eus, u\u017etikrinan\u010dius papildom\u0105 saugum\u0105 maitinimo metu.<\/p>","protected":false},"excerpt":{"rendered":"<p>Daugiafunkcin\u0117 maitinimo k\u0117dut\u0117 AD220 skirta ma\u017eiems vaikams maitinti, o i\u0161skleista ji sukuria atskir\u0105 stal\u0105 ir k\u0117dut\u0119 vyresniems vaikams. Pagaminta i\u0161 buko medienos, ji turi saugos dir\u017eus, u\u017etikrinan\u010dius papildom\u0105 saugum\u0105 maitinimo metu.<\/p>","protected":false},"featured_media":92716,"comment_status":"open","ping_status":"open","template":"","meta":[],"product_brand":[],"product_cat":[2113,1043],"product_tag":[],"class_list":{"0":"post-92715","1":"product","2":"type-product","3":"status-publish","4":"has-post-thumbnail","6":"product_cat-drewmax","7":"product_cat-extras","9":"first","10":"instock","11":"purchasable","12":"product-type-simple"},"_links":{"self":[{"href":"https:\/\/baldumarket.lt\/lt\/wp-json\/wp\/v2\/product\/92715","targetHints":{"allow":["GET"]}}],"collection":[{"href":"https:\/\/baldumarket.lt\/lt\/wp-json\/wp\/v2\/product"}],"about":[{"href":"https:\/\/baldumarket.lt\/lt\/wp-json\/wp\/v2\/types\/product"}],"replies":[{"embeddable":true,"href":"https:\/\/baldumarket.lt\/lt\/wp-json\/wp\/v2\/comments?post=92715"}],"wp:featuredmedia":[{"embeddable":true,"href":"https:\/\/baldumarket.lt\/lt\/wp-json\/wp\/v2\/media\/92716"}],"wp:attachment":[{"href":"https:\/\/baldumarket.lt\/lt\/wp-json\/wp\/v2\/media?parent=92715"}],"wp:term":[{"taxonomy":"product_brand","embeddable":true,"href":"https:\/\/baldumarket.lt\/lt\/wp-json\/wp\/v2\/product_brand?post=92715"},{"taxonomy":"product_cat","embeddable":true,"href":"https:\/\/baldumarket.lt\/lt\/wp-json\/wp\/v2\/product_cat?post=92715"},{"taxonomy":"product_tag","embeddable":true,"href":"https:\/\/baldumarket.lt\/lt\/wp-json\/wp\/v2\/product_tag?post=92715"}],"curies":[{"name":"wp","href":"https:\/\/api.w.org\/{rel}","templated":true}]}}