{"id":92711,"date":"2025-12-05T02:12:19","date_gmt":"2025-12-04T23:12:19","guid":{"rendered":"https:\/\/baldumarket.lt\/product\/krzeslo-bukowe-kt171-buk-bielony\/"},"modified":"2026-02-03T23:59:18","modified_gmt":"2026-02-03T20:59:18","slug":"krzeslo-bukowe-kt171-buk-bielony","status":"publish","type":"product","link":"https:\/\/baldumarket.lt\/lt\/produktas\/krzeslo-bukowe-kt171-buk-bielony\/","title":{"rendered":"Buko k\u0117d\u0117 KT171 balintas bukas"},"content":{"rendered":"<p>Pagaminta i\u0161 tvirtos buko medienos, KT171 k\u0117d\u0117 sujungia klasikinio stiliaus elegancij\u0105 su modernumo prisilietimu. Patogus, kont\u016bruotas atlo\u0161as, apmu\u0161tas atlo\u0161as ir s\u0117dyn\u0117 bei stabili konstrukcija u\u017etikrina auk\u0161t\u0105 komfort\u0105 ir suteikia unikalaus \u017eavesio.<\/p>\n<p>Apmu\u0161alai si\u016blomi pasirinktose \u201eToptextil\u201c kolekcijose i\u0161 \u201eDrewmax\u201c katalogo.<\/p>","protected":false},"excerpt":{"rendered":"<p>Pagaminta i\u0161 tvirtos buko medienos, KT171 k\u0117d\u0117 derina klasikinio stiliaus elegancij\u0105 su modernumo prisilietimu. Patogus, kont\u016bruotas atlo\u0161as, apmu\u0161tas atlo\u0161as ir s\u0117dyn\u0117 bei stabili konstrukcija u\u017etikrina auk\u0161t\u0105 komfort\u0105 ir suteikia unikalaus \u017eavesio. Apmu\u0161alus galima \u012fsigyti pasirinktose \u201eToptextil\u201c kolekcijose i\u0161 \u201eDrewmax\u201c katalogo.<\/p>","protected":false},"featured_media":82311,"comment_status":"open","ping_status":"open","template":"","meta":[],"product_brand":[],"product_cat":[9304,1930,2113],"product_tag":[],"class_list":{"0":"post-92711","1":"product","2":"type-product","3":"status-publish","4":"has-post-thumbnail","6":"product_cat-beech-furniture-drewmax","7":"product_cat-chairs","8":"product_cat-drewmax","9":"pa_upholstery-material-leather","11":"first","12":"instock","13":"purchasable","14":"product-type-simple"},"_links":{"self":[{"href":"https:\/\/baldumarket.lt\/lt\/wp-json\/wp\/v2\/product\/92711","targetHints":{"allow":["GET"]}}],"collection":[{"href":"https:\/\/baldumarket.lt\/lt\/wp-json\/wp\/v2\/product"}],"about":[{"href":"https:\/\/baldumarket.lt\/lt\/wp-json\/wp\/v2\/types\/product"}],"replies":[{"embeddable":true,"href":"https:\/\/baldumarket.lt\/lt\/wp-json\/wp\/v2\/comments?post=92711"}],"wp:featuredmedia":[{"embeddable":true,"href":"https:\/\/baldumarket.lt\/lt\/wp-json\/wp\/v2\/media\/82311"}],"wp:attachment":[{"href":"https:\/\/baldumarket.lt\/lt\/wp-json\/wp\/v2\/media?parent=92711"}],"wp:term":[{"taxonomy":"product_brand","embeddable":true,"href":"https:\/\/baldumarket.lt\/lt\/wp-json\/wp\/v2\/product_brand?post=92711"},{"taxonomy":"product_cat","embeddable":true,"href":"https:\/\/baldumarket.lt\/lt\/wp-json\/wp\/v2\/product_cat?post=92711"},{"taxonomy":"product_tag","embeddable":true,"href":"https:\/\/baldumarket.lt\/lt\/wp-json\/wp\/v2\/product_tag?post=92711"}],"curies":[{"name":"wp","href":"https:\/\/api.w.org\/{rel}","templated":true}]}}