{"id":92700,"date":"2025-12-05T02:12:05","date_gmt":"2025-12-04T23:12:05","guid":{"rendered":"https:\/\/baldumarket.lt\/product\/krzeslo-bukowe-kt172-buk-cherry\/"},"modified":"2026-02-03T23:59:21","modified_gmt":"2026-02-03T20:59:21","slug":"krzeslo-bukowe-kt172-buk-cherry","status":"publish","type":"product","link":"https:\/\/baldumarket.lt\/lt\/produktas\/krzeslo-bukowe-kt172-buk-cherry\/","title":{"rendered":"Buko k\u0117d\u0117 KT172 buko vy\u0161nios spalvos"},"content":{"rendered":"<p>Paprastas KT172 buko k\u0117d\u0117s dizainas \u012fk\u016bnija mading\u0105, modern\u0173 stili\u0173. Minimalistinis dizainas kartu su nat\u016bralia mediena, i\u0161 kurios ji pagaminta, garantuoja \u0161iam baldui unikal\u0173 stili\u0173. Neabejotinas k\u0117d\u0117s privalumas \u2013 didelis komfortas, kur\u012f u\u017etikrina i\u0161lenktas atlo\u0161as.<\/p>","protected":false},"excerpt":{"rendered":"<p>Paprastas KT172 buko k\u0117d\u0117s dizainas \u012fk\u016bnija mading\u0105, modern\u0173 stili\u0173. Minimalistinis dizainas kartu su nat\u016bralia mediena, i\u0161 kurios ji pagaminta, garantuoja \u0161iam baldui unikal\u0173 stili\u0173. Neabejotinas k\u0117d\u0117s privalumas \u2013 didelis komfortas, kur\u012f u\u017etikrina i\u0161lenktas atlo\u0161as.<\/p>","protected":false},"featured_media":82309,"comment_status":"open","ping_status":"open","template":"","meta":[],"product_brand":[],"product_cat":[9304,1930,2113],"product_tag":[],"class_list":{"0":"post-92700","1":"product","2":"type-product","3":"status-publish","4":"has-post-thumbnail","6":"product_cat-beech-furniture-drewmax","7":"product_cat-chairs","8":"product_cat-drewmax","10":"first","11":"instock","12":"purchasable","13":"product-type-simple"},"_links":{"self":[{"href":"https:\/\/baldumarket.lt\/lt\/wp-json\/wp\/v2\/product\/92700","targetHints":{"allow":["GET"]}}],"collection":[{"href":"https:\/\/baldumarket.lt\/lt\/wp-json\/wp\/v2\/product"}],"about":[{"href":"https:\/\/baldumarket.lt\/lt\/wp-json\/wp\/v2\/types\/product"}],"replies":[{"embeddable":true,"href":"https:\/\/baldumarket.lt\/lt\/wp-json\/wp\/v2\/comments?post=92700"}],"wp:featuredmedia":[{"embeddable":true,"href":"https:\/\/baldumarket.lt\/lt\/wp-json\/wp\/v2\/media\/82309"}],"wp:attachment":[{"href":"https:\/\/baldumarket.lt\/lt\/wp-json\/wp\/v2\/media?parent=92700"}],"wp:term":[{"taxonomy":"product_brand","embeddable":true,"href":"https:\/\/baldumarket.lt\/lt\/wp-json\/wp\/v2\/product_brand?post=92700"},{"taxonomy":"product_cat","embeddable":true,"href":"https:\/\/baldumarket.lt\/lt\/wp-json\/wp\/v2\/product_cat?post=92700"},{"taxonomy":"product_tag","embeddable":true,"href":"https:\/\/baldumarket.lt\/lt\/wp-json\/wp\/v2\/product_tag?post=92700"}],"curies":[{"name":"wp","href":"https:\/\/api.w.org\/{rel}","templated":true}]}}