{"id":92685,"date":"2025-12-05T02:11:49","date_gmt":"2025-12-04T23:11:49","guid":{"rendered":"https:\/\/baldumarket.lt\/product\/krzeslo-bukowe-kt174-buk-naturalny\/"},"modified":"2026-02-03T23:59:24","modified_gmt":"2026-02-03T20:59:24","slug":"krzeslo-bukowe-kt174-buk-naturalny","status":"publish","type":"product","link":"https:\/\/baldumarket.lt\/lt\/produktas\/krzeslo-bukowe-kt174-buk-naturalny\/","title":{"rendered":"Buko k\u0117d\u0117 KT174 nat\u016bralus bukas"},"content":{"rendered":"<p>KT174 k\u0117d\u0117 pagaminta i\u0161 tvirtos buko medienos ir derina tradicin\u012f dizain\u0105 su modernia elegancija. Patogum\u0105 u\u017etikrina stabili konstrukcija, apmu\u0161ta s\u0117dyn\u0117 ir \u0161iek tiek atlo\u0161tas atlo\u0161as.<\/p>\n<p>Apmu\u0161alai si\u016blomi pasirinktose \u201eToptextil\u201c kolekcijose i\u0161 \u201eDrewmax\u201c katalogo.<\/p>","protected":false},"excerpt":{"rendered":"<p>KT174 k\u0117d\u0117 pagaminta i\u0161 tvirtos buko medienos ir derina tradicin\u012f dizain\u0105 su modernia elegancija. Patogum\u0105 u\u017etikrina stabili konstrukcija, apmu\u0161ta s\u0117dyn\u0117 ir \u0161iek tiek atlo\u0161tas atlo\u0161as. Apmu\u0161alus galima \u012fsigyti pasirinktose \u201eToptextil\u201c kolekcijose i\u0161 \u201eDrewmax\u201c katalogo.<\/p>","protected":false},"featured_media":82303,"comment_status":"open","ping_status":"open","template":"","meta":[],"product_brand":[],"product_cat":[9304,1930,2113],"product_tag":[],"class_list":{"0":"post-92685","1":"product","2":"type-product","3":"status-publish","4":"has-post-thumbnail","6":"product_cat-beech-furniture-drewmax","7":"product_cat-chairs","8":"product_cat-drewmax","9":"pa_upholstery-material-leather","11":"first","12":"instock","13":"purchasable","14":"product-type-simple"},"_links":{"self":[{"href":"https:\/\/baldumarket.lt\/lt\/wp-json\/wp\/v2\/product\/92685","targetHints":{"allow":["GET"]}}],"collection":[{"href":"https:\/\/baldumarket.lt\/lt\/wp-json\/wp\/v2\/product"}],"about":[{"href":"https:\/\/baldumarket.lt\/lt\/wp-json\/wp\/v2\/types\/product"}],"replies":[{"embeddable":true,"href":"https:\/\/baldumarket.lt\/lt\/wp-json\/wp\/v2\/comments?post=92685"}],"wp:featuredmedia":[{"embeddable":true,"href":"https:\/\/baldumarket.lt\/lt\/wp-json\/wp\/v2\/media\/82303"}],"wp:attachment":[{"href":"https:\/\/baldumarket.lt\/lt\/wp-json\/wp\/v2\/media?parent=92685"}],"wp:term":[{"taxonomy":"product_brand","embeddable":true,"href":"https:\/\/baldumarket.lt\/lt\/wp-json\/wp\/v2\/product_brand?post=92685"},{"taxonomy":"product_cat","embeddable":true,"href":"https:\/\/baldumarket.lt\/lt\/wp-json\/wp\/v2\/product_cat?post=92685"},{"taxonomy":"product_tag","embeddable":true,"href":"https:\/\/baldumarket.lt\/lt\/wp-json\/wp\/v2\/product_tag?post=92685"}],"curies":[{"name":"wp","href":"https:\/\/api.w.org\/{rel}","templated":true}]}}