{"id":92670,"date":"2025-12-05T02:11:27","date_gmt":"2025-12-04T23:11:27","guid":{"rendered":"https:\/\/baldumarket.lt\/product\/krzeslo-bukowe-kt175-buk-naturalny\/"},"modified":"2026-02-03T23:59:29","modified_gmt":"2026-02-03T20:59:29","slug":"krzeslo-bukowe-kt175-buk-naturalny","status":"publish","type":"product","link":"https:\/\/baldumarket.lt\/lt\/produktas\/krzeslo-bukowe-kt175-buk-naturalny\/","title":{"rendered":"Buko k\u0117d\u0117 KT175 nat\u016bralus bukas"},"content":{"rendered":"<p>KT175 k\u0117d\u0117 pagaminta i\u0161 tvirtos buko medienos ir derina tradicin\u012f dizain\u0105 su modernia elegancija. Jos stabili konstrukcija ir \u0161iek tiek atlo\u0161tas atlo\u0161as u\u017etikrina komfort\u0105.<\/p>","protected":false},"excerpt":{"rendered":"<p>KT175 k\u0117d\u0117 pagaminta i\u0161 tvirtos buko medienos ir derina tradicin\u012f dizain\u0105 su modernia elegancija. Jos stabili konstrukcija ir \u0161iek tiek atlo\u0161tas atlo\u0161as u\u017etikrina komfort\u0105.<\/p>","protected":false},"featured_media":92671,"comment_status":"open","ping_status":"open","template":"","meta":[],"product_brand":[],"product_cat":[9304,1930,2113],"product_tag":[],"class_list":{"0":"post-92670","1":"product","2":"type-product","3":"status-publish","4":"has-post-thumbnail","6":"product_cat-beech-furniture-drewmax","7":"product_cat-chairs","8":"product_cat-drewmax","10":"first","11":"instock","12":"purchasable","13":"product-type-simple"},"_links":{"self":[{"href":"https:\/\/baldumarket.lt\/lt\/wp-json\/wp\/v2\/product\/92670","targetHints":{"allow":["GET"]}}],"collection":[{"href":"https:\/\/baldumarket.lt\/lt\/wp-json\/wp\/v2\/product"}],"about":[{"href":"https:\/\/baldumarket.lt\/lt\/wp-json\/wp\/v2\/types\/product"}],"replies":[{"embeddable":true,"href":"https:\/\/baldumarket.lt\/lt\/wp-json\/wp\/v2\/comments?post=92670"}],"wp:featuredmedia":[{"embeddable":true,"href":"https:\/\/baldumarket.lt\/lt\/wp-json\/wp\/v2\/media\/92671"}],"wp:attachment":[{"href":"https:\/\/baldumarket.lt\/lt\/wp-json\/wp\/v2\/media?parent=92670"}],"wp:term":[{"taxonomy":"product_brand","embeddable":true,"href":"https:\/\/baldumarket.lt\/lt\/wp-json\/wp\/v2\/product_brand?post=92670"},{"taxonomy":"product_cat","embeddable":true,"href":"https:\/\/baldumarket.lt\/lt\/wp-json\/wp\/v2\/product_cat?post=92670"},{"taxonomy":"product_tag","embeddable":true,"href":"https:\/\/baldumarket.lt\/lt\/wp-json\/wp\/v2\/product_tag?post=92670"}],"curies":[{"name":"wp","href":"https:\/\/api.w.org\/{rel}","templated":true}]}}