{"id":92657,"date":"2025-12-05T02:11:07","date_gmt":"2025-12-04T23:11:07","guid":{"rendered":"https:\/\/baldumarket.lt\/product\/krzeslo-bukowe-kt187-buk-bielony\/"},"modified":"2026-02-03T23:59:32","modified_gmt":"2026-02-03T20:59:32","slug":"krzeslo-bukowe-kt187-buk-bielony","status":"publish","type":"product","link":"https:\/\/baldumarket.lt\/lt\/produktas\/krzeslo-bukowe-kt187-buk-bielony\/","title":{"rendered":"Buko k\u0117d\u0117 KT187, balintas bukas"},"content":{"rendered":"<p>KT187 k\u0117d\u0117 pagaminta i\u0161 tvirtos buko medienos. D\u0117l modernaus stiliaus ji puikiai dera prie dabartini\u0173 tendencij\u0173. Apmu\u0161ta s\u0117dyn\u0117 ir \u0161iek tiek i\u0161lenktas atlo\u0161as u\u017etikrina komfort\u0105.<\/p>\n<p>Apmu\u0161alai si\u016blomi pasirinktose \u201eToptextil\u201c kolekcijose i\u0161 \u201eDrewmax\u201c katalogo.<\/p>","protected":false},"excerpt":{"rendered":"<p>KT187 k\u0117d\u0117 pagaminta i\u0161 tvirtos buko medienos. D\u0117l modernaus stiliaus ji puikiai dera prie dabartini\u0173 tendencij\u0173. Apmu\u0161ta s\u0117dyn\u0117 ir \u0161iek tiek kont\u016bruotas atlo\u0161as u\u017etikrina komfort\u0105. Apmu\u0161alus galima \u012fsigyti pasirinktose \u201eToptextil\u201c kolekcijose i\u0161 \u201eDrewmax\u201c katalogo.<\/p>","protected":false},"featured_media":82269,"comment_status":"open","ping_status":"open","template":"","meta":[],"product_brand":[],"product_cat":[9304,1930,2113],"product_tag":[],"class_list":{"0":"post-92657","1":"product","2":"type-product","3":"status-publish","4":"has-post-thumbnail","6":"product_cat-beech-furniture-drewmax","7":"product_cat-chairs","8":"product_cat-drewmax","10":"first","11":"instock","12":"purchasable","13":"product-type-simple"},"_links":{"self":[{"href":"https:\/\/baldumarket.lt\/lt\/wp-json\/wp\/v2\/product\/92657","targetHints":{"allow":["GET"]}}],"collection":[{"href":"https:\/\/baldumarket.lt\/lt\/wp-json\/wp\/v2\/product"}],"about":[{"href":"https:\/\/baldumarket.lt\/lt\/wp-json\/wp\/v2\/types\/product"}],"replies":[{"embeddable":true,"href":"https:\/\/baldumarket.lt\/lt\/wp-json\/wp\/v2\/comments?post=92657"}],"wp:featuredmedia":[{"embeddable":true,"href":"https:\/\/baldumarket.lt\/lt\/wp-json\/wp\/v2\/media\/82269"}],"wp:attachment":[{"href":"https:\/\/baldumarket.lt\/lt\/wp-json\/wp\/v2\/media?parent=92657"}],"wp:term":[{"taxonomy":"product_brand","embeddable":true,"href":"https:\/\/baldumarket.lt\/lt\/wp-json\/wp\/v2\/product_brand?post=92657"},{"taxonomy":"product_cat","embeddable":true,"href":"https:\/\/baldumarket.lt\/lt\/wp-json\/wp\/v2\/product_cat?post=92657"},{"taxonomy":"product_tag","embeddable":true,"href":"https:\/\/baldumarket.lt\/lt\/wp-json\/wp\/v2\/product_tag?post=92657"}],"curies":[{"name":"wp","href":"https:\/\/api.w.org\/{rel}","templated":true}]}}