{"id":92644,"date":"2025-12-05T02:10:48","date_gmt":"2025-12-04T23:10:48","guid":{"rendered":"https:\/\/baldumarket.lt\/product\/krzeslo-bukowe-kt188-buk-lausane\/"},"modified":"2026-02-03T23:59:36","modified_gmt":"2026-02-03T20:59:36","slug":"krzeslo-bukowe-kt188-buk-lausane","status":"publish","type":"product","link":"https:\/\/baldumarket.lt\/lt\/produktas\/krzeslo-bukowe-kt188-buk-lausane\/","title":{"rendered":"Buko k\u0117d\u0117 KT188 buko Lozana"},"content":{"rendered":"<p>Stilinga ir patogi KT188 buko k\u0117d\u0117 \u2013 tai tobulas nat\u016bralaus med\u017eio gro\u017eio ir modernaus elegancijos derinys. Pagaminta i\u0161 tvirtos buko medienos, ji pasi\u017eymi patvarumu ir tvirtumu, u\u017etikrindama ilgaam\u017ei\u0161kum\u0105. S\u0117dyn\u0117 ir atlo\u0161as aptraukti auk\u0161tos kokyb\u0117s apmu\u0161alais, suteikian\u010diais baldui eleganti\u0161k\u0105 ir jauk\u0173 charakter\u012f.<\/p>\n<p>Apmu\u0161alai si\u016blomi pla\u010dioje spalv\u0173 gamoje, i\u0161 pasirinkt\u0173 \u201eToptextil\u201c audini\u0173 kolekcij\u0173 i\u0161 \u201eDrewmax\u201c katalogo (n\u0117ra galimyb\u0117s \u012fsigyti NAT\u016aRALIOS ODOS).<\/p>\n<p>Papildomas KT188 mink\u0161tos k\u0117d\u0117s privalumas \u2013 patog\u016bs porankiai, kurie padidina komfort\u0105 ir puikiai tinka ilgam s\u0117d\u0117jimui \u2013 tiek prie stalo, tiek poilsio zonoje.<\/p>\n<p>KT188 k\u0117d\u0117 puikiai tinka valgomiesiems, svetain\u0117ms ir komercin\u0117ms erdv\u0117ms, tokioms kaip restoranai ir kavin\u0117s, suteikiant bet kokiam interjerui klas\u0117s ir modernaus stiliaus. Universalus k\u0117d\u0117s dizainas leid\u017eia jai papildyti \u012fvairius interjerus \u2013 nuo minimalistinio iki klasikinio.<\/p>","protected":false},"excerpt":{"rendered":"<p>Stilinga ir patogi KT188 buko k\u0117d\u0117 \u2013 tai tobulas nat\u016bralaus med\u017eio gro\u017eio ir modernaus elegancijos derinys. Pagaminta i\u0161 tvirtos buko medienos, ji pasi\u017eymi patvarumu ir tvirtumu, u\u017etikrindama ilgaam\u017ei\u0161kum\u0105. S\u0117dyn\u0117 ir atlo\u0161as aptraukti auk\u0161tos kokyb\u0117s apmu\u0161alais, suteikian\u010diais baldui eleganti\u0161k\u0105 ir jauk\u0173 charakter\u012f. Apmu\u0161alai yra \u012fvairi\u0173 spalv\u0173 [\u2026]<\/p>","protected":false},"featured_media":82265,"comment_status":"open","ping_status":"open","template":"","meta":[],"product_brand":[],"product_cat":[9304,1930,2113],"product_tag":[],"class_list":{"0":"post-92644","1":"product","2":"type-product","3":"status-publish","4":"has-post-thumbnail","6":"product_cat-beech-furniture-drewmax","7":"product_cat-chairs","8":"product_cat-drewmax","10":"first","11":"instock","12":"purchasable","13":"product-type-simple"},"_links":{"self":[{"href":"https:\/\/baldumarket.lt\/lt\/wp-json\/wp\/v2\/product\/92644","targetHints":{"allow":["GET"]}}],"collection":[{"href":"https:\/\/baldumarket.lt\/lt\/wp-json\/wp\/v2\/product"}],"about":[{"href":"https:\/\/baldumarket.lt\/lt\/wp-json\/wp\/v2\/types\/product"}],"replies":[{"embeddable":true,"href":"https:\/\/baldumarket.lt\/lt\/wp-json\/wp\/v2\/comments?post=92644"}],"wp:featuredmedia":[{"embeddable":true,"href":"https:\/\/baldumarket.lt\/lt\/wp-json\/wp\/v2\/media\/82265"}],"wp:attachment":[{"href":"https:\/\/baldumarket.lt\/lt\/wp-json\/wp\/v2\/media?parent=92644"}],"wp:term":[{"taxonomy":"product_brand","embeddable":true,"href":"https:\/\/baldumarket.lt\/lt\/wp-json\/wp\/v2\/product_brand?post=92644"},{"taxonomy":"product_cat","embeddable":true,"href":"https:\/\/baldumarket.lt\/lt\/wp-json\/wp\/v2\/product_cat?post=92644"},{"taxonomy":"product_tag","embeddable":true,"href":"https:\/\/baldumarket.lt\/lt\/wp-json\/wp\/v2\/product_tag?post=92644"}],"curies":[{"name":"wp","href":"https:\/\/api.w.org\/{rel}","templated":true}]}}