{"id":92635,"date":"2025-12-05T02:10:37","date_gmt":"2025-12-04T23:10:37","guid":{"rendered":"https:\/\/baldumarket.lt\/product\/krzeslo-bukowe-kt193-buk-naturalny\/"},"modified":"2026-02-03T23:59:38","modified_gmt":"2026-02-03T20:59:38","slug":"krzeslo-bukowe-kt193-buk-naturalny","status":"publish","type":"product","link":"https:\/\/baldumarket.lt\/lt\/produktas\/krzeslo-bukowe-kt193-buk-naturalny\/","title":{"rendered":"Buko k\u0117d\u0117 KT193 nat\u016bralus bukas"},"content":{"rendered":"<p>KT193 buko k\u0117d\u0117 derina gro\u017e\u012f ir funkcionalum\u0105. Klasikin\u0119 jos form\u0105 puo\u0161ia a\u017e\u016brinis atlo\u0161as, tod\u0117l ji traukia ak\u012f nuo pat pirmos akimirkos, kai \u012f\u017eengsite. Apmu\u0161ta s\u0117dyn\u0117 ir kont\u016bruotas atlo\u0161as u\u017etikrina komfort\u0105. Nat\u016brali mediena, i\u0161 kurios ji pagaminta, suteikia \u0161ilumos ir jaukumo bet kokiam interjerui.<\/p>\n<p>Apmu\u0161alai yra prieinami pasirinktose \u201eToptextil\u201c kolekcijose i\u0161 \u201eDrewmax\u201c katalogo.<\/p>","protected":false},"excerpt":{"rendered":"<p>KT193 buko k\u0117d\u0117 sujungia gro\u017e\u012f ir funkcionalum\u0105. Klasikin\u0119 jos form\u0105 puo\u0161ia a\u017e\u016brinis atlo\u0161as, tod\u0117l ji traukia ak\u012f nuo pat pirmos akimirkos, kai \u012f\u017eengiate. Apmu\u0161ta s\u0117dyn\u0117 ir kont\u016bruotas atlo\u0161as u\u017etikrina komfort\u0105. Nat\u016brali mediena, i\u0161 kurios ji pagaminta, suteikia \u0161ilumos ir jaukumo bet kokiam interjerui. Apmu\u0161alai yra [\u2026]<\/p>","protected":false},"featured_media":82260,"comment_status":"open","ping_status":"open","template":"","meta":[],"product_brand":[],"product_cat":[9304,1930,2113],"product_tag":[],"class_list":{"0":"post-92635","1":"product","2":"type-product","3":"status-publish","4":"has-post-thumbnail","6":"product_cat-beech-furniture-drewmax","7":"product_cat-chairs","8":"product_cat-drewmax","9":"pa_upholstery-material-leather","11":"first","12":"instock","13":"purchasable","14":"product-type-simple"},"_links":{"self":[{"href":"https:\/\/baldumarket.lt\/lt\/wp-json\/wp\/v2\/product\/92635","targetHints":{"allow":["GET"]}}],"collection":[{"href":"https:\/\/baldumarket.lt\/lt\/wp-json\/wp\/v2\/product"}],"about":[{"href":"https:\/\/baldumarket.lt\/lt\/wp-json\/wp\/v2\/types\/product"}],"replies":[{"embeddable":true,"href":"https:\/\/baldumarket.lt\/lt\/wp-json\/wp\/v2\/comments?post=92635"}],"wp:featuredmedia":[{"embeddable":true,"href":"https:\/\/baldumarket.lt\/lt\/wp-json\/wp\/v2\/media\/82260"}],"wp:attachment":[{"href":"https:\/\/baldumarket.lt\/lt\/wp-json\/wp\/v2\/media?parent=92635"}],"wp:term":[{"taxonomy":"product_brand","embeddable":true,"href":"https:\/\/baldumarket.lt\/lt\/wp-json\/wp\/v2\/product_brand?post=92635"},{"taxonomy":"product_cat","embeddable":true,"href":"https:\/\/baldumarket.lt\/lt\/wp-json\/wp\/v2\/product_cat?post=92635"},{"taxonomy":"product_tag","embeddable":true,"href":"https:\/\/baldumarket.lt\/lt\/wp-json\/wp\/v2\/product_tag?post=92635"}],"curies":[{"name":"wp","href":"https:\/\/api.w.org\/{rel}","templated":true}]}}