{"id":92630,"date":"2025-12-05T02:10:31","date_gmt":"2025-12-04T23:10:31","guid":{"rendered":"https:\/\/baldumarket.lt\/product\/krzeslo-bukowe-kt194-buk-cherry\/"},"modified":"2026-02-03T23:59:39","modified_gmt":"2026-02-03T20:59:39","slug":"krzeslo-bukowe-kt194-buk-cherry","status":"publish","type":"product","link":"https:\/\/baldumarket.lt\/lt\/produktas\/krzeslo-bukowe-kt194-buk-cherry\/","title":{"rendered":"Buko k\u0117d\u0117 KT194 buko vy\u0161nios spalvos"},"content":{"rendered":"<p>KT194 buko k\u0117d\u0117 \u2013 tai klasikinio stiliaus ir moderni\u0173 tendencij\u0173 derinys. Paprastas, klasikinis dizainas puikiai dera prie bet kokio interjero. Funkcionalumas taip pat yra privalumas. Mink\u0161ta s\u0117dyn\u0117 ir i\u0161lenktas atlo\u0161as u\u017etikrina patog\u0173 naudojim\u0105.<\/p>\n<p>Apmu\u0161alai si\u016blomi pasirinktose \u201eToptextil\u201c kolekcijose i\u0161 \u201eDrewmax\u201c katalogo.<\/p>","protected":false},"excerpt":{"rendered":"<p>KT194 buko k\u0117d\u0117 \u2013 tai klasikinio stiliaus ir moderni\u0173 tendencij\u0173 derinys. Paprastas, klasikinis dizainas puikiai tinka bet kokiam interjerui. Funkcionalumas taip pat yra privalumas. Mink\u0161ta s\u0117dyn\u0117 ir i\u0161lenktas atlo\u0161as u\u017etikrina patog\u0173 naudojim\u0105. Apmu\u0161alai prieinami pasirinktose \u201eToptextil\u201c kolekcijose i\u0161 \u201eDrewmax\u201c katalogo.<\/p>","protected":false},"featured_media":82253,"comment_status":"open","ping_status":"open","template":"","meta":[],"product_brand":[],"product_cat":[9304,1930,2113],"product_tag":[],"class_list":{"0":"post-92630","1":"product","2":"type-product","3":"status-publish","4":"has-post-thumbnail","6":"product_cat-beech-furniture-drewmax","7":"product_cat-chairs","8":"product_cat-drewmax","9":"pa_upholstery-material-leather","11":"first","12":"instock","13":"purchasable","14":"product-type-simple"},"_links":{"self":[{"href":"https:\/\/baldumarket.lt\/lt\/wp-json\/wp\/v2\/product\/92630","targetHints":{"allow":["GET"]}}],"collection":[{"href":"https:\/\/baldumarket.lt\/lt\/wp-json\/wp\/v2\/product"}],"about":[{"href":"https:\/\/baldumarket.lt\/lt\/wp-json\/wp\/v2\/types\/product"}],"replies":[{"embeddable":true,"href":"https:\/\/baldumarket.lt\/lt\/wp-json\/wp\/v2\/comments?post=92630"}],"wp:featuredmedia":[{"embeddable":true,"href":"https:\/\/baldumarket.lt\/lt\/wp-json\/wp\/v2\/media\/82253"}],"wp:attachment":[{"href":"https:\/\/baldumarket.lt\/lt\/wp-json\/wp\/v2\/media?parent=92630"}],"wp:term":[{"taxonomy":"product_brand","embeddable":true,"href":"https:\/\/baldumarket.lt\/lt\/wp-json\/wp\/v2\/product_brand?post=92630"},{"taxonomy":"product_cat","embeddable":true,"href":"https:\/\/baldumarket.lt\/lt\/wp-json\/wp\/v2\/product_cat?post=92630"},{"taxonomy":"product_tag","embeddable":true,"href":"https:\/\/baldumarket.lt\/lt\/wp-json\/wp\/v2\/product_tag?post=92630"}],"curies":[{"name":"wp","href":"https:\/\/api.w.org\/{rel}","templated":true}]}}