{"id":92597,"date":"2025-12-05T02:09:55","date_gmt":"2025-12-04T23:09:55","guid":{"rendered":"https:\/\/baldumarket.lt\/product\/hoker-krzeslo-bukowe-kt241-buk-orzech\/"},"modified":"2026-02-03T23:59:45","modified_gmt":"2026-02-03T20:59:45","slug":"hoker-krzeslo-bukowe-kt241-buk-orzech","status":"publish","type":"product","link":"https:\/\/baldumarket.lt\/lt\/product\/hoker-krzeslo-bukowe-kt241-buk-orzech\/","title":{"rendered":"Buko k\u0117d\u0117s taburet\u0117 KT241 buko rie\u0161uto spalvos"},"content":{"rendered":"<p>KT241 baro k\u0117d\u0117, pagaminta i\u0161 tvirtos buko medienos, yra 70 cm auk\u0161\u010dio ir puikiai tinka kaip baro k\u0117d\u0117. Jos paprastas, klasikinis stilius papildys bet kok\u012f interjer\u0105.<\/p>","protected":false},"excerpt":{"rendered":"<p>KT241 baro k\u0117d\u0117, pagaminta i\u0161 tvirtos buko medienos, yra 70 cm auk\u0161\u010dio ir puikiai tinka kaip baro k\u0117d\u0117. Jos paprastas, klasikinis stilius papildys bet kok\u012f interjer\u0105.<\/p>","protected":false},"featured_media":92598,"comment_status":"open","ping_status":"open","template":"","meta":[],"product_brand":[],"product_cat":[9304,1930,2113],"product_tag":[],"class_list":{"0":"post-92597","1":"product","2":"type-product","3":"status-publish","4":"has-post-thumbnail","6":"product_cat-beech-furniture-drewmax","7":"product_cat-chairs","8":"product_cat-drewmax","10":"first","11":"instock","12":"purchasable","13":"product-type-simple"},"_links":{"self":[{"href":"https:\/\/baldumarket.lt\/lt\/wp-json\/wp\/v2\/product\/92597","targetHints":{"allow":["GET"]}}],"collection":[{"href":"https:\/\/baldumarket.lt\/lt\/wp-json\/wp\/v2\/product"}],"about":[{"href":"https:\/\/baldumarket.lt\/lt\/wp-json\/wp\/v2\/types\/product"}],"replies":[{"embeddable":true,"href":"https:\/\/baldumarket.lt\/lt\/wp-json\/wp\/v2\/comments?post=92597"}],"wp:featuredmedia":[{"embeddable":true,"href":"https:\/\/baldumarket.lt\/lt\/wp-json\/wp\/v2\/media\/92598"}],"wp:attachment":[{"href":"https:\/\/baldumarket.lt\/lt\/wp-json\/wp\/v2\/media?parent=92597"}],"wp:term":[{"taxonomy":"product_brand","embeddable":true,"href":"https:\/\/baldumarket.lt\/lt\/wp-json\/wp\/v2\/product_brand?post=92597"},{"taxonomy":"product_cat","embeddable":true,"href":"https:\/\/baldumarket.lt\/lt\/wp-json\/wp\/v2\/product_cat?post=92597"},{"taxonomy":"product_tag","embeddable":true,"href":"https:\/\/baldumarket.lt\/lt\/wp-json\/wp\/v2\/product_tag?post=92597"}],"curies":[{"name":"wp","href":"https:\/\/api.w.org\/{rel}","templated":true}]}}