{"id":92590,"date":"2025-12-05T02:09:48","date_gmt":"2025-12-04T23:09:48","guid":{"rendered":"https:\/\/baldumarket.lt\/product\/krzeslo-bukowe-kt243-buk-orzech\/"},"modified":"2026-02-03T23:59:47","modified_gmt":"2026-02-03T20:59:47","slug":"krzeslo-bukowe-kt243-buk-orzech","status":"publish","type":"product","link":"https:\/\/baldumarket.lt\/lt\/product\/krzeslo-bukowe-kt243-buk-orzech\/","title":{"rendered":"Buko k\u0117d\u0117 KT243 buko rie\u0161utmed\u017eio spalvos"},"content":{"rendered":"<p>Unikali KT243 taburet\u0117 pagaminta i\u0161 tvirtos buko medienos. Ji turi tris kojas ir reguliuojam\u0105 auk\u0161t\u012f nuo 52 iki 70 cm. D\u0117l unikalaus stiliaus ji tinka ne tik virtuvei ar svetainei, bet ir studijai ar biurui.<\/p>","protected":false},"excerpt":{"rendered":"<p>Unikali KT243 taburet\u0117 pagaminta i\u0161 tvirtos buko medienos. Ji turi tris kojas ir reguliuojam\u0105 auk\u0161t\u012f nuo 52 iki 70 cm. D\u0117l unikalaus stiliaus ji tinka ne tik virtuvei ar svetainei, bet ir studijai ar biurui.<\/p>","protected":false},"featured_media":92588,"comment_status":"open","ping_status":"open","template":"","meta":[],"product_brand":[],"product_cat":[9304,1930,2113],"product_tag":[],"class_list":{"0":"post-92590","1":"product","2":"type-product","3":"status-publish","4":"has-post-thumbnail","6":"product_cat-beech-furniture-drewmax","7":"product_cat-chairs","8":"product_cat-drewmax","10":"first","11":"instock","12":"purchasable","13":"product-type-simple"},"_links":{"self":[{"href":"https:\/\/baldumarket.lt\/lt\/wp-json\/wp\/v2\/product\/92590","targetHints":{"allow":["GET"]}}],"collection":[{"href":"https:\/\/baldumarket.lt\/lt\/wp-json\/wp\/v2\/product"}],"about":[{"href":"https:\/\/baldumarket.lt\/lt\/wp-json\/wp\/v2\/types\/product"}],"replies":[{"embeddable":true,"href":"https:\/\/baldumarket.lt\/lt\/wp-json\/wp\/v2\/comments?post=92590"}],"wp:featuredmedia":[{"embeddable":true,"href":"https:\/\/baldumarket.lt\/lt\/wp-json\/wp\/v2\/media\/92588"}],"wp:attachment":[{"href":"https:\/\/baldumarket.lt\/lt\/wp-json\/wp\/v2\/media?parent=92590"}],"wp:term":[{"taxonomy":"product_brand","embeddable":true,"href":"https:\/\/baldumarket.lt\/lt\/wp-json\/wp\/v2\/product_brand?post=92590"},{"taxonomy":"product_cat","embeddable":true,"href":"https:\/\/baldumarket.lt\/lt\/wp-json\/wp\/v2\/product_cat?post=92590"},{"taxonomy":"product_tag","embeddable":true,"href":"https:\/\/baldumarket.lt\/lt\/wp-json\/wp\/v2\/product_tag?post=92590"}],"curies":[{"name":"wp","href":"https:\/\/api.w.org\/{rel}","templated":true}]}}