{"id":92581,"date":"2025-12-05T02:09:40","date_gmt":"2025-12-04T23:09:40","guid":{"rendered":"https:\/\/baldumarket.lt\/product\/krzeslo-bukowe-kt245-buk-dab\/"},"modified":"2026-02-03T23:59:48","modified_gmt":"2026-02-03T20:59:48","slug":"krzeslo-bukowe-kt245-buk-dab","status":"publish","type":"product","link":"https:\/\/baldumarket.lt\/lt\/product\/krzeslo-bukowe-kt245-buk-dab\/","title":{"rendered":"Buko k\u0117d\u0117 KT245 buko \u0105\u017euolo spalvos"},"content":{"rendered":"<p>Klasikin\u0117 KT245 taburet\u0117 pagaminta i\u0161 tvirtos buko medienos. D\u0117l paprasto dizaino ji tinka bet kokiai virtuvei ar valgomajam. Puikiai tinka tiems, kurie vertina paprastum\u0105 ir tradicijas savo interjere.<\/p>","protected":false},"excerpt":{"rendered":"<p>Klasikin\u0117 KT245 taburet\u0117 pagaminta i\u0161 tvirtos buko medienos. D\u0117l paprasto dizaino ji tinka bet kokiai virtuvei ar valgomajam. Puikiai tinka tiems, kurie vertina paprastum\u0105 ir tradicijas savo interjere.<\/p>","protected":false},"featured_media":92582,"comment_status":"open","ping_status":"open","template":"","meta":[],"product_brand":[],"product_cat":[9304,1930,2113],"product_tag":[],"class_list":{"0":"post-92581","1":"product","2":"type-product","3":"status-publish","4":"has-post-thumbnail","6":"product_cat-beech-furniture-drewmax","7":"product_cat-chairs","8":"product_cat-drewmax","10":"first","11":"instock","12":"purchasable","13":"product-type-simple"},"_links":{"self":[{"href":"https:\/\/baldumarket.lt\/lt\/wp-json\/wp\/v2\/product\/92581","targetHints":{"allow":["GET"]}}],"collection":[{"href":"https:\/\/baldumarket.lt\/lt\/wp-json\/wp\/v2\/product"}],"about":[{"href":"https:\/\/baldumarket.lt\/lt\/wp-json\/wp\/v2\/types\/product"}],"replies":[{"embeddable":true,"href":"https:\/\/baldumarket.lt\/lt\/wp-json\/wp\/v2\/comments?post=92581"}],"wp:featuredmedia":[{"embeddable":true,"href":"https:\/\/baldumarket.lt\/lt\/wp-json\/wp\/v2\/media\/92582"}],"wp:attachment":[{"href":"https:\/\/baldumarket.lt\/lt\/wp-json\/wp\/v2\/media?parent=92581"}],"wp:term":[{"taxonomy":"product_brand","embeddable":true,"href":"https:\/\/baldumarket.lt\/lt\/wp-json\/wp\/v2\/product_brand?post=92581"},{"taxonomy":"product_cat","embeddable":true,"href":"https:\/\/baldumarket.lt\/lt\/wp-json\/wp\/v2\/product_cat?post=92581"},{"taxonomy":"product_tag","embeddable":true,"href":"https:\/\/baldumarket.lt\/lt\/wp-json\/wp\/v2\/product_tag?post=92581"}],"curies":[{"name":"wp","href":"https:\/\/api.w.org\/{rel}","templated":true}]}}