{"id":92572,"date":"2025-12-05T02:09:31","date_gmt":"2025-12-04T23:09:31","guid":{"rendered":"https:\/\/baldumarket.lt\/product\/krzeslo-bukowe-kt247-buk-dab\/"},"modified":"2026-02-03T23:59:50","modified_gmt":"2026-02-03T20:59:50","slug":"krzeslo-bukowe-kt247-buk-dab","status":"publish","type":"product","link":"https:\/\/baldumarket.lt\/lt\/product\/krzeslo-bukowe-kt247-buk-dab\/","title":{"rendered":"Buko k\u0117d\u0117 KT247 buko \u0105\u017euolo spalvos"},"content":{"rendered":"<p>Ma\u017ea KT247 taburet\u0117 su kvadratine s\u0117dyne ir 31 cm auk\u0161\u010diu pagaminta i\u0161 tvirtos buko medienos. J\u0105 galima naudoti tiek s\u0117d\u0117jimui, tiek kaip koj\u0173 atram\u0105, kad b\u016bt\u0173 lengva paimti daiktus i\u0161 vir\u0161utin\u0117s bald\u0173 lentynos.<\/p>","protected":false},"excerpt":{"rendered":"<p>Ma\u017ea KT247 taburet\u0117 su kvadratine s\u0117dyne ir 31 cm auk\u0161\u010diu pagaminta i\u0161 tvirtos buko medienos. J\u0105 galima naudoti tiek s\u0117d\u0117jimui, tiek kaip koj\u0173 atram\u0105, kad b\u016bt\u0173 lengva paimti daiktus i\u0161 vir\u0161utin\u0117s bald\u0173 lentynos.<\/p>","protected":false},"featured_media":92573,"comment_status":"open","ping_status":"open","template":"","meta":[],"product_brand":[],"product_cat":[9304,1930,2113],"product_tag":[],"class_list":{"0":"post-92572","1":"product","2":"type-product","3":"status-publish","4":"has-post-thumbnail","6":"product_cat-beech-furniture-drewmax","7":"product_cat-chairs","8":"product_cat-drewmax","10":"first","11":"instock","12":"purchasable","13":"product-type-simple"},"_links":{"self":[{"href":"https:\/\/baldumarket.lt\/lt\/wp-json\/wp\/v2\/product\/92572","targetHints":{"allow":["GET"]}}],"collection":[{"href":"https:\/\/baldumarket.lt\/lt\/wp-json\/wp\/v2\/product"}],"about":[{"href":"https:\/\/baldumarket.lt\/lt\/wp-json\/wp\/v2\/types\/product"}],"replies":[{"embeddable":true,"href":"https:\/\/baldumarket.lt\/lt\/wp-json\/wp\/v2\/comments?post=92572"}],"wp:featuredmedia":[{"embeddable":true,"href":"https:\/\/baldumarket.lt\/lt\/wp-json\/wp\/v2\/media\/92573"}],"wp:attachment":[{"href":"https:\/\/baldumarket.lt\/lt\/wp-json\/wp\/v2\/media?parent=92572"}],"wp:term":[{"taxonomy":"product_brand","embeddable":true,"href":"https:\/\/baldumarket.lt\/lt\/wp-json\/wp\/v2\/product_brand?post=92572"},{"taxonomy":"product_cat","embeddable":true,"href":"https:\/\/baldumarket.lt\/lt\/wp-json\/wp\/v2\/product_cat?post=92572"},{"taxonomy":"product_tag","embeddable":true,"href":"https:\/\/baldumarket.lt\/lt\/wp-json\/wp\/v2\/product_tag?post=92572"}],"curies":[{"name":"wp","href":"https:\/\/api.w.org\/{rel}","templated":true}]}}