{"id":92544,"date":"2025-12-05T02:09:00","date_gmt":"2025-12-04T23:09:00","guid":{"rendered":"https:\/\/baldumarket.lt\/product\/krzeslo-debowe-kt372-dab-kakao\/"},"modified":"2026-02-03T23:59:57","modified_gmt":"2026-02-03T20:59:57","slug":"krzeslo-debowe-kt372-dab-kakao","status":"publish","type":"product","link":"https:\/\/baldumarket.lt\/lt\/product\/krzeslo-debowe-kt372-dab-kakao\/","title":{"rendered":"\u0104\u017euolin\u0117 k\u0117d\u0117 KT372 kakavos \u0105\u017euolo spalvos"},"content":{"rendered":"<p>KT372 k\u0117d\u0117 \u2013 tai tvirtas ir stilingas baldas, pagamintas vien i\u0161 tvirtos \u0105\u017euolo medienos, puikiai papildantis tiek klasikin\u012f, tiek modern\u0173 interjer\u0105. D\u0117l minimalistinio dizaino KT372 \u0105\u017euolin\u0117 k\u0117d\u0117 idealiai tinka valgomiesiems, virtuv\u0117ms, svetain\u0117ms ir net komercin\u0117ms erdv\u0117ms, tokioms kaip restoranai, kavin\u0117s ir konferencij\u0173 sal\u0117s.<\/p>\n<p>Nat\u016brali \u0105\u017euolo medienos spalva pabr\u0117\u017eia jos nesenstant\u012f charakter\u012f ir kokybi\u0161k\u0105 meistri\u0161kum\u0105. Tvirta s\u0117dyn\u0117 ir kruop\u0161\u010diai suformuotas atlo\u0161as u\u017etikrina patvarum\u0105 ir komfort\u0105, o subalansuotos proporcijos ir subtilios detal\u0117s paver\u010dia KT372 k\u0117d\u0119 \u017eavin\u010dia savo paprastumu ir funkcionalumu.<\/p>","protected":false},"excerpt":{"rendered":"<p>KT372 k\u0117d\u0117 yra tvirtas ir stilingas baldas, pagamintas vien i\u0161 tvirtos \u0105\u017euolo medienos, puikiai papildantis tiek klasikin\u012f, tiek modern\u0173 interjer\u0105. D\u0117l minimalistinio dizaino KT372 \u0105\u017euolo k\u0117d\u0117 idealiai tinka valgomiesiems, virtuv\u0117ms, svetain\u0117ms ir net komercin\u0117ms erdv\u0117ms, tokioms kaip restoranai, kavin\u0117s ir konferencij\u0173 sal\u0117s. Nat\u016brali spalva [\u2026]<\/p>","protected":false},"featured_media":92541,"comment_status":"open","ping_status":"open","template":"","meta":[],"product_brand":[],"product_cat":[9303,1930,2113],"product_tag":[],"class_list":{"0":"post-92544","1":"product","2":"type-product","3":"status-publish","4":"has-post-thumbnail","6":"product_cat-oak-furniture-drewmax","7":"product_cat-chairs","8":"product_cat-drewmax","10":"first","11":"instock","12":"purchasable","13":"product-type-simple"},"_links":{"self":[{"href":"https:\/\/baldumarket.lt\/lt\/wp-json\/wp\/v2\/product\/92544","targetHints":{"allow":["GET"]}}],"collection":[{"href":"https:\/\/baldumarket.lt\/lt\/wp-json\/wp\/v2\/product"}],"about":[{"href":"https:\/\/baldumarket.lt\/lt\/wp-json\/wp\/v2\/types\/product"}],"replies":[{"embeddable":true,"href":"https:\/\/baldumarket.lt\/lt\/wp-json\/wp\/v2\/comments?post=92544"}],"wp:featuredmedia":[{"embeddable":true,"href":"https:\/\/baldumarket.lt\/lt\/wp-json\/wp\/v2\/media\/92541"}],"wp:attachment":[{"href":"https:\/\/baldumarket.lt\/lt\/wp-json\/wp\/v2\/media?parent=92544"}],"wp:term":[{"taxonomy":"product_brand","embeddable":true,"href":"https:\/\/baldumarket.lt\/lt\/wp-json\/wp\/v2\/product_brand?post=92544"},{"taxonomy":"product_cat","embeddable":true,"href":"https:\/\/baldumarket.lt\/lt\/wp-json\/wp\/v2\/product_cat?post=92544"},{"taxonomy":"product_tag","embeddable":true,"href":"https:\/\/baldumarket.lt\/lt\/wp-json\/wp\/v2\/product_tag?post=92544"}],"curies":[{"name":"wp","href":"https:\/\/api.w.org\/{rel}","templated":true}]}}