{"id":92519,"date":"2025-12-05T02:08:33","date_gmt":"2025-12-04T23:08:33","guid":{"rendered":"https:\/\/baldumarket.lt\/product\/krzeslo-debowe-kt373-dab-miodowy\/"},"modified":"2026-02-04T00:00:00","modified_gmt":"2026-02-03T21:00:00","slug":"krzeslo-debowe-kt373-dab-miodowy","status":"publish","type":"product","link":"https:\/\/baldumarket.lt\/lt\/produktas\/krzeslo-debowe-kt373-dab-miodowy\/","title":{"rendered":"\u0104\u017euolin\u0117 k\u0117d\u0117 KT373 medaus \u0105\u017euolo spalvos"},"content":{"rendered":"<p>Paprastas \u0105\u017euolin\u0117s KT373 k\u0117d\u0117s dizainas spinduliuoja madingu, moderniu stiliumi. Minimalistinis dizainas kartu su nat\u016bralia mediena, i\u0161 kurios ji pagaminta, garantuoja unikal\u0173 stili\u0173. Neabejotinas k\u0117d\u0117s privalumas \u2013 didelis komfortas, kur\u012f u\u017etikrina apmu\u0161ta s\u0117dyn\u0117 ir i\u0161lenktas atlo\u0161as.<\/p>\n<p>Apmu\u0161alai yra prieinami pasirinktose \u201eToptextil\u201c kolekcijose i\u0161 \u201eDrewmax\u201c katalogo.<\/p>","protected":false},"excerpt":{"rendered":"<p>Paprastas \u0105\u017euolin\u0117s KT373 k\u0117d\u0117s dizainas spinduliuoja madingu, moderniu stiliumi. Minimalistinis dizainas kartu su nat\u016bralia mediena, i\u0161 kurios ji pagaminta, garantuoja unikal\u0173 stili\u0173. Neabejotinas k\u0117d\u0117s privalumas \u2013 didelis komfortas, kur\u012f u\u017etikrina apmu\u0161ta s\u0117dyn\u0117 ir kont\u016bruotas atlo\u0161as. Apmu\u0161alai galimi pasirinktose \u201eToptextil\u201c kolekcijose [\u2026]<\/p>","protected":false},"featured_media":92520,"comment_status":"open","ping_status":"open","template":"","meta":[],"product_brand":[],"product_cat":[9303,1930,2113],"product_tag":[],"class_list":{"0":"post-92519","1":"product","2":"type-product","3":"status-publish","4":"has-post-thumbnail","6":"product_cat-oak-furniture-drewmax","7":"product_cat-chairs","8":"product_cat-drewmax","10":"first","11":"instock","12":"purchasable","13":"product-type-simple"},"_links":{"self":[{"href":"https:\/\/baldumarket.lt\/lt\/wp-json\/wp\/v2\/product\/92519","targetHints":{"allow":["GET"]}}],"collection":[{"href":"https:\/\/baldumarket.lt\/lt\/wp-json\/wp\/v2\/product"}],"about":[{"href":"https:\/\/baldumarket.lt\/lt\/wp-json\/wp\/v2\/types\/product"}],"replies":[{"embeddable":true,"href":"https:\/\/baldumarket.lt\/lt\/wp-json\/wp\/v2\/comments?post=92519"}],"wp:featuredmedia":[{"embeddable":true,"href":"https:\/\/baldumarket.lt\/lt\/wp-json\/wp\/v2\/media\/92520"}],"wp:attachment":[{"href":"https:\/\/baldumarket.lt\/lt\/wp-json\/wp\/v2\/media?parent=92519"}],"wp:term":[{"taxonomy":"product_brand","embeddable":true,"href":"https:\/\/baldumarket.lt\/lt\/wp-json\/wp\/v2\/product_brand?post=92519"},{"taxonomy":"product_cat","embeddable":true,"href":"https:\/\/baldumarket.lt\/lt\/wp-json\/wp\/v2\/product_cat?post=92519"},{"taxonomy":"product_tag","embeddable":true,"href":"https:\/\/baldumarket.lt\/lt\/wp-json\/wp\/v2\/product_tag?post=92519"}],"curies":[{"name":"wp","href":"https:\/\/api.w.org\/{rel}","templated":true}]}}