{"id":92510,"date":"2025-12-05T02:08:22","date_gmt":"2025-12-04T23:08:22","guid":{"rendered":"https:\/\/baldumarket.lt\/product\/krzeslo-debowe-kt375-dab-naturalny\/"},"modified":"2026-02-04T00:00:03","modified_gmt":"2026-02-03T21:00:03","slug":"krzeslo-debowe-kt375-dab-naturalny","status":"publish","type":"product","link":"https:\/\/baldumarket.lt\/lt\/produktas\/krzeslo-debowe-kt375-dab-naturalny\/","title":{"rendered":"\u0104\u017euolin\u0117 k\u0117d\u0117 KT375, nat\u016bralus \u0105\u017euolas"},"content":{"rendered":"<p>KT375 k\u0117d\u0117 pagaminta i\u0161 tvirtos \u0105\u017euolo medienos ir derina tradicin\u012f dizain\u0105 su modernia elegancija. Komfort\u0105 u\u017etikrina apmu\u0161ta s\u0117dyn\u0117 ir \u0161iek tiek atlo\u0161tas atlo\u0161as.<\/p>\n<p>Apmu\u0161alai si\u016blomi pasirinktose \u201eToptextil\u201c kolekcijose i\u0161 \u201eDrewmax\u201c katalogo.<\/p>","protected":false},"excerpt":{"rendered":"<p>KT375 k\u0117d\u0117 pagaminta i\u0161 tvirtos \u0105\u017euolo medienos ir derina tradicin\u012f dizain\u0105 su modernia elegancija. Komfort\u0105 u\u017etikrina apmu\u0161ta s\u0117dyn\u0117 ir \u0161iek tiek atlo\u0161tas atlo\u0161as. Apmu\u0161alus galima \u012fsigyti pasirinktose \u201eToptextil\u201c kolekcijose i\u0161 \u201eDrewmax\u201c katalogo.<\/p>","protected":false},"featured_media":92511,"comment_status":"open","ping_status":"open","template":"","meta":[],"product_brand":[],"product_cat":[9303,1930,2113],"product_tag":[],"class_list":{"0":"post-92510","1":"product","2":"type-product","3":"status-publish","4":"has-post-thumbnail","6":"product_cat-oak-furniture-drewmax","7":"product_cat-chairs","8":"product_cat-drewmax","9":"pa_upholstery-material-leather","11":"first","12":"instock","13":"purchasable","14":"product-type-simple"},"_links":{"self":[{"href":"https:\/\/baldumarket.lt\/lt\/wp-json\/wp\/v2\/product\/92510","targetHints":{"allow":["GET"]}}],"collection":[{"href":"https:\/\/baldumarket.lt\/lt\/wp-json\/wp\/v2\/product"}],"about":[{"href":"https:\/\/baldumarket.lt\/lt\/wp-json\/wp\/v2\/types\/product"}],"replies":[{"embeddable":true,"href":"https:\/\/baldumarket.lt\/lt\/wp-json\/wp\/v2\/comments?post=92510"}],"wp:featuredmedia":[{"embeddable":true,"href":"https:\/\/baldumarket.lt\/lt\/wp-json\/wp\/v2\/media\/92511"}],"wp:attachment":[{"href":"https:\/\/baldumarket.lt\/lt\/wp-json\/wp\/v2\/media?parent=92510"}],"wp:term":[{"taxonomy":"product_brand","embeddable":true,"href":"https:\/\/baldumarket.lt\/lt\/wp-json\/wp\/v2\/product_brand?post=92510"},{"taxonomy":"product_cat","embeddable":true,"href":"https:\/\/baldumarket.lt\/lt\/wp-json\/wp\/v2\/product_cat?post=92510"},{"taxonomy":"product_tag","embeddable":true,"href":"https:\/\/baldumarket.lt\/lt\/wp-json\/wp\/v2\/product_tag?post=92510"}],"curies":[{"name":"wp","href":"https:\/\/api.w.org\/{rel}","templated":true}]}}