{"id":92508,"date":"2025-12-05T02:08:19","date_gmt":"2025-12-04T23:08:19","guid":{"rendered":"https:\/\/baldumarket.lt\/product\/krzeslo-debowe-kt376-dab-naturalny\/"},"modified":"2026-02-04T00:00:04","modified_gmt":"2026-02-03T21:00:04","slug":"krzeslo-debowe-kt376-dab-naturalny","status":"publish","type":"product","link":"https:\/\/baldumarket.lt\/lt\/produktas\/krzeslo-debowe-kt376-dab-naturalny\/","title":{"rendered":"\u0104\u017euolin\u0117 k\u0117d\u0117 KT376, nat\u016bralus \u0105\u017euolas"},"content":{"rendered":"<p>KT376 k\u0117d\u0117 pagaminta i\u0161 tvirtos \u0105\u017euolo medienos. Jos madingas, modernus dizainas, pasi\u017eymintis minimalizmu, suteikia jai nesenstant\u012f stili\u0173. Komfort\u0105 u\u017etikrina apmu\u0161ta s\u0117dyn\u0117 ir \u0161velniai i\u0161lenktas atlo\u0161as. Jos nesenstantis stilius, derinamas su matoma nat\u016bralios medienos, i\u0161 kurios ji pagaminta, tekst\u016bra, papuo\u0161 bet kok\u012f interjer\u0105.<\/p>\n<p>Apmu\u0161alai yra prieinami pasirinktose \u201eToptextil\u201c kolekcijose i\u0161 \u201eDrewmax\u201c katalogo.<\/p>","protected":false},"excerpt":{"rendered":"<p>KT376 k\u0117d\u0117 pagaminta i\u0161 tvirtos \u0105\u017euolo medienos. Jos madingas, modernus dizainas, pasi\u017eymintis minimalizmu, suteikia jai nesenstant\u012f stili\u0173. Komfort\u0105 u\u017etikrina apmu\u0161ta s\u0117dyn\u0117 ir \u0161velniai i\u0161lenktas atlo\u0161as. Jos nesenstantis stilius kartu su matoma nat\u016bralios medienos, i\u0161 kurios ji pagaminta, tekst\u016bra papuo\u0161 bet kok\u012f interjer\u0105. Apmu\u0161alai [\u2026]<\/p>","protected":false},"featured_media":92500,"comment_status":"open","ping_status":"open","template":"","meta":[],"product_brand":[],"product_cat":[9303,1930,2113],"product_tag":[],"class_list":{"0":"post-92508","1":"product","2":"type-product","3":"status-publish","4":"has-post-thumbnail","6":"product_cat-oak-furniture-drewmax","7":"product_cat-chairs","8":"product_cat-drewmax","9":"pa_upholstery-material-leather","11":"first","12":"instock","13":"purchasable","14":"product-type-simple"},"_links":{"self":[{"href":"https:\/\/baldumarket.lt\/lt\/wp-json\/wp\/v2\/product\/92508","targetHints":{"allow":["GET"]}}],"collection":[{"href":"https:\/\/baldumarket.lt\/lt\/wp-json\/wp\/v2\/product"}],"about":[{"href":"https:\/\/baldumarket.lt\/lt\/wp-json\/wp\/v2\/types\/product"}],"replies":[{"embeddable":true,"href":"https:\/\/baldumarket.lt\/lt\/wp-json\/wp\/v2\/comments?post=92508"}],"wp:featuredmedia":[{"embeddable":true,"href":"https:\/\/baldumarket.lt\/lt\/wp-json\/wp\/v2\/media\/92500"}],"wp:attachment":[{"href":"https:\/\/baldumarket.lt\/lt\/wp-json\/wp\/v2\/media?parent=92508"}],"wp:term":[{"taxonomy":"product_brand","embeddable":true,"href":"https:\/\/baldumarket.lt\/lt\/wp-json\/wp\/v2\/product_brand?post=92508"},{"taxonomy":"product_cat","embeddable":true,"href":"https:\/\/baldumarket.lt\/lt\/wp-json\/wp\/v2\/product_cat?post=92508"},{"taxonomy":"product_tag","embeddable":true,"href":"https:\/\/baldumarket.lt\/lt\/wp-json\/wp\/v2\/product_tag?post=92508"}],"curies":[{"name":"wp","href":"https:\/\/api.w.org\/{rel}","templated":true}]}}