{"id":92495,"date":"2025-12-05T02:08:04","date_gmt":"2025-12-04T23:08:04","guid":{"rendered":"https:\/\/baldumarket.lt\/product\/krzeslo-debowe-kt379-dab-kakao\/"},"modified":"2026-02-04T00:00:07","modified_gmt":"2026-02-03T21:00:07","slug":"krzeslo-debowe-kt379-dab-kakao","status":"publish","type":"product","link":"https:\/\/baldumarket.lt\/lt\/produktas\/krzeslo-debowe-kt379-dab-kakao\/","title":{"rendered":"\u0104\u017euolin\u0117 k\u0117d\u0117 KT379 kakavos \u0105\u017euolo spalvos"},"content":{"rendered":"<p>KT379 k\u0117d\u0117 pagaminta i\u0161 tvirtos \u0105\u017euolo medienos. Jos apmu\u0161ta s\u0117dyn\u0117 ir \u0161velniai i\u0161lenktas atlo\u0161as u\u017etikrina komfort\u0105. Klasikinis stilius puikiai tiks klasikiniame valgomajame ar svetain\u0117je.<\/p>\n<p>Apmu\u0161alai si\u016blomi pasirinktose \u201eToptextil\u201c kolekcijose i\u0161 \u201eDrewmax\u201c katalogo.<\/p>","protected":false},"excerpt":{"rendered":"<p>KT379 k\u0117d\u0117 pagaminta i\u0161 tvirtos \u0105\u017euolo medienos. Jos apmu\u0161ta s\u0117dyn\u0117 ir \u0161velniai i\u0161lenktas atlo\u0161as u\u017etikrina komfort\u0105. Klasikinis stilius puikiai tiks klasikiniame valgomajame ar svetain\u0117je. Apmu\u0161alus galima \u012fsigyti pasirinktose \u201eToptextil\u201c kolekcijose i\u0161 \u201eDrewmax\u201c katalogo.<\/p>","protected":false},"featured_media":92488,"comment_status":"open","ping_status":"open","template":"","meta":[],"product_brand":[],"product_cat":[9303,1930,2113],"product_tag":[],"class_list":{"0":"post-92495","1":"product","2":"type-product","3":"status-publish","4":"has-post-thumbnail","6":"product_cat-oak-furniture-drewmax","7":"product_cat-chairs","8":"product_cat-drewmax","9":"pa_upholstery-material-leather","11":"first","12":"instock","13":"purchasable","14":"product-type-simple"},"_links":{"self":[{"href":"https:\/\/baldumarket.lt\/lt\/wp-json\/wp\/v2\/product\/92495","targetHints":{"allow":["GET"]}}],"collection":[{"href":"https:\/\/baldumarket.lt\/lt\/wp-json\/wp\/v2\/product"}],"about":[{"href":"https:\/\/baldumarket.lt\/lt\/wp-json\/wp\/v2\/types\/product"}],"replies":[{"embeddable":true,"href":"https:\/\/baldumarket.lt\/lt\/wp-json\/wp\/v2\/comments?post=92495"}],"wp:featuredmedia":[{"embeddable":true,"href":"https:\/\/baldumarket.lt\/lt\/wp-json\/wp\/v2\/media\/92488"}],"wp:attachment":[{"href":"https:\/\/baldumarket.lt\/lt\/wp-json\/wp\/v2\/media?parent=92495"}],"wp:term":[{"taxonomy":"product_brand","embeddable":true,"href":"https:\/\/baldumarket.lt\/lt\/wp-json\/wp\/v2\/product_brand?post=92495"},{"taxonomy":"product_cat","embeddable":true,"href":"https:\/\/baldumarket.lt\/lt\/wp-json\/wp\/v2\/product_cat?post=92495"},{"taxonomy":"product_tag","embeddable":true,"href":"https:\/\/baldumarket.lt\/lt\/wp-json\/wp\/v2\/product_tag?post=92495"}],"curies":[{"name":"wp","href":"https:\/\/api.w.org\/{rel}","templated":true}]}}