{"id":92463,"date":"2025-12-05T02:07:29","date_gmt":"2025-12-04T23:07:29","guid":{"rendered":"https:\/\/baldumarket.lt\/product\/krzeslo-debowe-kt395-dab-miodowy\/"},"modified":"2026-02-04T00:00:14","modified_gmt":"2026-02-03T21:00:14","slug":"krzeslo-debowe-kt395-dab-miodowy","status":"publish","type":"product","link":"https:\/\/baldumarket.lt\/lt\/produktas\/krzeslo-debowe-kt395-dab-miodowy\/","title":{"rendered":"\u0104\u017euolin\u0117 k\u0117d\u0117 KT395 medaus \u0105\u017euolo spalvos"},"content":{"rendered":"<p>Kurdami \u0105\u017euolin\u0119 KT395 k\u0117d\u0119, d\u0117mes\u012f skyr\u0117me ne tik estetikai, bet ir funkcionalumui. Tai leid\u017eia baldui atlikti \u012fvairius tikslus. Ji idealiai tinka virtuv\u0117ms ir valgomiesiems, taip pat biurams ir praustuvams. Paprasto dizaino d\u0117ka ji puikiai dera tiek prie klasikinio, tiek prie modernaus stiliaus. Patogus ir stabilus atlo\u0161as bei mink\u0161ta, apmu\u0161ta s\u0117dyn\u0117 u\u017etikrina patog\u0173 naudojim\u0105.<\/p>\n<p>Apmu\u0161alai si\u016blomi pasirinktose \u201eToptextil\u201c kolekcijose i\u0161 \u201eDrewmax\u201c katalogo.<\/p>","protected":false},"excerpt":{"rendered":"<p>Kurdami \u0105\u017euolin\u0119 KT395 k\u0117d\u0119, mes sutelk\u0117me d\u0117mes\u012f ne tik \u012f estetik\u0105, bet ir \u012f funkcionalum\u0105. Tai leid\u017eia baldui atlikti \u012fvairius tikslus. Jis idealiai tinka virtuv\u0117ms ir valgomiesiems, taip pat biurams ir spintel\u0117ms. Paprastas dizainas puikiai dera tiek prie klasikinio, tiek prie modernaus stiliaus. Patogus [\u2026]<\/p>","protected":false},"featured_media":92453,"comment_status":"open","ping_status":"open","template":"","meta":[],"product_brand":[],"product_cat":[9303,1930,2113],"product_tag":[],"class_list":{"0":"post-92463","1":"product","2":"type-product","3":"status-publish","4":"has-post-thumbnail","6":"product_cat-oak-furniture-drewmax","7":"product_cat-chairs","8":"product_cat-drewmax","9":"pa_upholstery-material-leather","11":"first","12":"instock","13":"purchasable","14":"product-type-simple"},"_links":{"self":[{"href":"https:\/\/baldumarket.lt\/lt\/wp-json\/wp\/v2\/product\/92463","targetHints":{"allow":["GET"]}}],"collection":[{"href":"https:\/\/baldumarket.lt\/lt\/wp-json\/wp\/v2\/product"}],"about":[{"href":"https:\/\/baldumarket.lt\/lt\/wp-json\/wp\/v2\/types\/product"}],"replies":[{"embeddable":true,"href":"https:\/\/baldumarket.lt\/lt\/wp-json\/wp\/v2\/comments?post=92463"}],"wp:featuredmedia":[{"embeddable":true,"href":"https:\/\/baldumarket.lt\/lt\/wp-json\/wp\/v2\/media\/92453"}],"wp:attachment":[{"href":"https:\/\/baldumarket.lt\/lt\/wp-json\/wp\/v2\/media?parent=92463"}],"wp:term":[{"taxonomy":"product_brand","embeddable":true,"href":"https:\/\/baldumarket.lt\/lt\/wp-json\/wp\/v2\/product_brand?post=92463"},{"taxonomy":"product_cat","embeddable":true,"href":"https:\/\/baldumarket.lt\/lt\/wp-json\/wp\/v2\/product_cat?post=92463"},{"taxonomy":"product_tag","embeddable":true,"href":"https:\/\/baldumarket.lt\/lt\/wp-json\/wp\/v2\/product_tag?post=92463"}],"curies":[{"name":"wp","href":"https:\/\/api.w.org\/{rel}","templated":true}]}}