{"id":92444,"date":"2025-12-05T02:07:08","date_gmt":"2025-12-04T23:07:08","guid":{"rendered":"https:\/\/baldumarket.lt\/product\/krzeslo-sosnowe-kt102-sosna-dab\/"},"modified":"2026-02-04T00:00:18","modified_gmt":"2026-02-03T21:00:18","slug":"krzeslo-sosnowe-kt102-sosna-dab","status":"publish","type":"product","link":"https:\/\/baldumarket.lt\/lt\/product\/krzeslo-sosnowe-kt102-sosna-dab\/","title":{"rendered":"Pu\u0161in\u0117 k\u0117d\u0117 KT102 pu\u0161is \u0105\u017euolas"},"content":{"rendered":"<p>KT102 pu\u0161in\u0117 k\u0117d\u0117 sukurta tiems, kurie m\u0117gsta tradicin\u012f dizain\u0105. Apmu\u0161ta s\u0117dyn\u0117 ir atlo\u0161as pabr\u0117\u017eia klasikin\u012f stili\u0173 ir u\u017etikrina komfort\u0105.<\/p>","protected":false},"excerpt":{"rendered":"<p>KT102 pu\u0161in\u0117 k\u0117d\u0117 sukurta tiems, kurie m\u0117gsta tradicin\u012f dizain\u0105. Apmu\u0161ta s\u0117dyn\u0117 ir atlo\u0161as pabr\u0117\u017eia klasikin\u012f stili\u0173 ir u\u017etikrina komfort\u0105.<\/p>","protected":false},"featured_media":92431,"comment_status":"open","ping_status":"open","template":"","meta":[],"product_brand":[],"product_cat":[9305,1930,2113],"product_tag":[],"class_list":{"0":"post-92444","1":"product","2":"type-product","3":"status-publish","4":"has-post-thumbnail","6":"product_cat-pine-furniture-drewmax","7":"product_cat-chairs","8":"product_cat-drewmax","10":"first","11":"instock","12":"purchasable","13":"product-type-simple"},"_links":{"self":[{"href":"https:\/\/baldumarket.lt\/lt\/wp-json\/wp\/v2\/product\/92444","targetHints":{"allow":["GET"]}}],"collection":[{"href":"https:\/\/baldumarket.lt\/lt\/wp-json\/wp\/v2\/product"}],"about":[{"href":"https:\/\/baldumarket.lt\/lt\/wp-json\/wp\/v2\/types\/product"}],"replies":[{"embeddable":true,"href":"https:\/\/baldumarket.lt\/lt\/wp-json\/wp\/v2\/comments?post=92444"}],"wp:featuredmedia":[{"embeddable":true,"href":"https:\/\/baldumarket.lt\/lt\/wp-json\/wp\/v2\/media\/92431"}],"wp:attachment":[{"href":"https:\/\/baldumarket.lt\/lt\/wp-json\/wp\/v2\/media?parent=92444"}],"wp:term":[{"taxonomy":"product_brand","embeddable":true,"href":"https:\/\/baldumarket.lt\/lt\/wp-json\/wp\/v2\/product_brand?post=92444"},{"taxonomy":"product_cat","embeddable":true,"href":"https:\/\/baldumarket.lt\/lt\/wp-json\/wp\/v2\/product_cat?post=92444"},{"taxonomy":"product_tag","embeddable":true,"href":"https:\/\/baldumarket.lt\/lt\/wp-json\/wp\/v2\/product_tag?post=92444"}],"curies":[{"name":"wp","href":"https:\/\/api.w.org\/{rel}","templated":true}]}}