{"id":92425,"date":"2025-12-05T02:06:45","date_gmt":"2025-12-04T23:06:45","guid":{"rendered":"https:\/\/baldumarket.lt\/product\/krzeslo-sosnowe-kt103-sosna-olcha\/"},"modified":"2026-02-04T00:00:22","modified_gmt":"2026-02-03T21:00:22","slug":"krzeslo-sosnowe-kt103-sosna-olcha","status":"publish","type":"product","link":"https:\/\/baldumarket.lt\/lt\/product\/krzeslo-sosnowe-kt103-sosna-olcha\/","title":{"rendered":"Pu\u0161in\u0117 k\u0117d\u0117 KT103 pu\u0161is alksnis"},"content":{"rendered":"<p>KT103 pu\u0161in\u0117 k\u0117d\u0117 pasi\u017eymi paprastu dizainu, kuris \u017eavi savo funkcionalumu ir nesenstan\u010diu charakteriu. Patogus atlo\u0161as u\u017etikrina komfort\u0105, o nat\u016brali mediena, i\u0161 kurios ji pagaminta, suteikia \u017eavesio. Ji puikiai dera klasikiniuose, nedidelio formato interjeruose.<\/p>","protected":false},"excerpt":{"rendered":"<p>KT103 pu\u0161in\u0117 k\u0117d\u0117 pasi\u017eymi paprastu dizainu, kuris \u017eavi savo funkcionalumu ir nesenstan\u010diu charakteriu. Patogus atlo\u0161as u\u017etikrina komfort\u0105, o nat\u016brali mediena, i\u0161 kurios ji pagaminta, suteikia \u017eavesio. Ji puikiai dera klasikiniuose, nedidelio formato interjeruose.<\/p>","protected":false},"featured_media":92426,"comment_status":"open","ping_status":"open","template":"","meta":[],"product_brand":[],"product_cat":[9305,1930,2113],"product_tag":[],"class_list":{"0":"post-92425","1":"product","2":"type-product","3":"status-publish","4":"has-post-thumbnail","6":"product_cat-pine-furniture-drewmax","7":"product_cat-chairs","8":"product_cat-drewmax","10":"first","11":"instock","12":"purchasable","13":"product-type-simple"},"_links":{"self":[{"href":"https:\/\/baldumarket.lt\/lt\/wp-json\/wp\/v2\/product\/92425","targetHints":{"allow":["GET"]}}],"collection":[{"href":"https:\/\/baldumarket.lt\/lt\/wp-json\/wp\/v2\/product"}],"about":[{"href":"https:\/\/baldumarket.lt\/lt\/wp-json\/wp\/v2\/types\/product"}],"replies":[{"embeddable":true,"href":"https:\/\/baldumarket.lt\/lt\/wp-json\/wp\/v2\/comments?post=92425"}],"wp:featuredmedia":[{"embeddable":true,"href":"https:\/\/baldumarket.lt\/lt\/wp-json\/wp\/v2\/media\/92426"}],"wp:attachment":[{"href":"https:\/\/baldumarket.lt\/lt\/wp-json\/wp\/v2\/media?parent=92425"}],"wp:term":[{"taxonomy":"product_brand","embeddable":true,"href":"https:\/\/baldumarket.lt\/lt\/wp-json\/wp\/v2\/product_brand?post=92425"},{"taxonomy":"product_cat","embeddable":true,"href":"https:\/\/baldumarket.lt\/lt\/wp-json\/wp\/v2\/product_cat?post=92425"},{"taxonomy":"product_tag","embeddable":true,"href":"https:\/\/baldumarket.lt\/lt\/wp-json\/wp\/v2\/product_tag?post=92425"}],"curies":[{"name":"wp","href":"https:\/\/api.w.org\/{rel}","templated":true}]}}