{"id":92422,"date":"2025-12-05T02:06:41","date_gmt":"2025-12-04T23:06:41","guid":{"rendered":"https:\/\/baldumarket.lt\/product\/krzeslo-sosnowe-kt108-sosna-dab\/"},"modified":"2026-02-04T00:00:23","modified_gmt":"2026-02-03T21:00:23","slug":"krzeslo-sosnowe-kt108-sosna-dab","status":"publish","type":"product","link":"https:\/\/baldumarket.lt\/lt\/product\/krzeslo-sosnowe-kt108-sosna-dab\/","title":{"rendered":"Pu\u0161in\u0117 k\u0117d\u0117 KT108 pu\u0161is \u0105\u017euolas"},"content":{"rendered":"<p>Klasikin\u0117 pu\u0161ies KT108 k\u0117d\u0117 puikiai tinka tiek virtuvei, tiek valgomajam. Jos paprastas dizainas, pary\u0161kintas a\u017e\u016briniu atlo\u0161u, traukia ak\u012f. Patogi ir funkcionali, nat\u016brali mediena, i\u0161 kurios ji pagaminta, suteikia \u017eavesio ir \u0161ilumos bet kokiam interjerui, kuriame ji eksponuojama.<\/p>","protected":false},"excerpt":{"rendered":"<p>Klasikin\u0117 pu\u0161ies KT108 k\u0117d\u0117 puikiai tinka tiek virtuvei, tiek valgomajam. Jos paprastas dizainas, pary\u0161kintas a\u017e\u016briniu atlo\u0161u, traukia ak\u012f. Patogi ir funkcionali, nat\u016brali mediena, i\u0161 kurios ji pagaminta, suteikia \u017eavesio ir \u0161ilumos bet kokiam interjerui, kuriame ji eksponuojama.<\/p>","protected":false},"featured_media":92413,"comment_status":"open","ping_status":"open","template":"","meta":[],"product_brand":[],"product_cat":[9305,1930,2113],"product_tag":[],"class_list":{"0":"post-92422","1":"product","2":"type-product","3":"status-publish","4":"has-post-thumbnail","6":"product_cat-pine-furniture-drewmax","7":"product_cat-chairs","8":"product_cat-drewmax","10":"first","11":"instock","12":"purchasable","13":"product-type-simple"},"_links":{"self":[{"href":"https:\/\/baldumarket.lt\/lt\/wp-json\/wp\/v2\/product\/92422","targetHints":{"allow":["GET"]}}],"collection":[{"href":"https:\/\/baldumarket.lt\/lt\/wp-json\/wp\/v2\/product"}],"about":[{"href":"https:\/\/baldumarket.lt\/lt\/wp-json\/wp\/v2\/types\/product"}],"replies":[{"embeddable":true,"href":"https:\/\/baldumarket.lt\/lt\/wp-json\/wp\/v2\/comments?post=92422"}],"wp:featuredmedia":[{"embeddable":true,"href":"https:\/\/baldumarket.lt\/lt\/wp-json\/wp\/v2\/media\/92413"}],"wp:attachment":[{"href":"https:\/\/baldumarket.lt\/lt\/wp-json\/wp\/v2\/media?parent=92422"}],"wp:term":[{"taxonomy":"product_brand","embeddable":true,"href":"https:\/\/baldumarket.lt\/lt\/wp-json\/wp\/v2\/product_brand?post=92422"},{"taxonomy":"product_cat","embeddable":true,"href":"https:\/\/baldumarket.lt\/lt\/wp-json\/wp\/v2\/product_cat?post=92422"},{"taxonomy":"product_tag","embeddable":true,"href":"https:\/\/baldumarket.lt\/lt\/wp-json\/wp\/v2\/product_tag?post=92422"}],"curies":[{"name":"wp","href":"https:\/\/api.w.org\/{rel}","templated":true}]}}