{"id":92358,"date":"2025-12-05T02:05:26","date_gmt":"2025-12-04T23:05:26","guid":{"rendered":"https:\/\/baldumarket.lt\/product\/krzeslo-sosnowe-kt122-sosna-naturalny\/"},"modified":"2026-02-04T00:00:37","modified_gmt":"2026-02-03T21:00:37","slug":"krzeslo-sosnowe-kt122-sosna-naturalny","status":"publish","type":"product","link":"https:\/\/baldumarket.lt\/lt\/product\/krzeslo-sosnowe-kt122-sosna-naturalny\/","title":{"rendered":"Pu\u0161in\u0117 k\u0117d\u0117 KT122 nat\u016bralus pu\u0161is"},"content":{"rendered":"<p>Paprasti sprendimai veikia geriausiai. KT122 pu\u0161ies k\u0117d\u0117 yra b\u016btent tokia. Pagaminta i\u0161 nat\u016bralios medienos, ji suteiks \u0161ilumos bet kuriam kambariui, kuriame bus eksponuojama. Ji puikiai tinka tiek virtuvei, tiek valgomajam. Klasikinis dizainas, a\u017e\u016brinis atlo\u0161as ir nat\u016brali pu\u0161ies mediena \u2013 tobulas derinys, kuris i\u0161liks madingas ilgus metus.<\/p>","protected":false},"excerpt":{"rendered":"<p>Paprasti sprendimai veikia geriausiai. KT122 pu\u0161in\u0117 k\u0117d\u0117 yra b\u016btent tokia. Pagaminta i\u0161 nat\u016bralios medienos, ji suteiks \u0161ilumos bet kuriam kambariui, kuriame bus eksponuojama. Ji puikiai tinka tiek virtuvei, tiek valgomajam. Klasikinis dizainas, a\u017e\u016brinis atlo\u0161as ir nat\u016brali pu\u0161ies mediena \u2013 tobulas derinys, kuris i\u0161liks madingas daugel\u012f met\u0173 [\u2026]<\/p>","protected":false},"featured_media":92359,"comment_status":"open","ping_status":"open","template":"","meta":[],"product_brand":[],"product_cat":[9305,1930,2113],"product_tag":[],"class_list":{"0":"post-92358","1":"product","2":"type-product","3":"status-publish","4":"has-post-thumbnail","6":"product_cat-pine-furniture-drewmax","7":"product_cat-chairs","8":"product_cat-drewmax","10":"first","11":"instock","12":"purchasable","13":"product-type-simple"},"_links":{"self":[{"href":"https:\/\/baldumarket.lt\/lt\/wp-json\/wp\/v2\/product\/92358","targetHints":{"allow":["GET"]}}],"collection":[{"href":"https:\/\/baldumarket.lt\/lt\/wp-json\/wp\/v2\/product"}],"about":[{"href":"https:\/\/baldumarket.lt\/lt\/wp-json\/wp\/v2\/types\/product"}],"replies":[{"embeddable":true,"href":"https:\/\/baldumarket.lt\/lt\/wp-json\/wp\/v2\/comments?post=92358"}],"wp:featuredmedia":[{"embeddable":true,"href":"https:\/\/baldumarket.lt\/lt\/wp-json\/wp\/v2\/media\/92359"}],"wp:attachment":[{"href":"https:\/\/baldumarket.lt\/lt\/wp-json\/wp\/v2\/media?parent=92358"}],"wp:term":[{"taxonomy":"product_brand","embeddable":true,"href":"https:\/\/baldumarket.lt\/lt\/wp-json\/wp\/v2\/product_brand?post=92358"},{"taxonomy":"product_cat","embeddable":true,"href":"https:\/\/baldumarket.lt\/lt\/wp-json\/wp\/v2\/product_cat?post=92358"},{"taxonomy":"product_tag","embeddable":true,"href":"https:\/\/baldumarket.lt\/lt\/wp-json\/wp\/v2\/product_tag?post=92358"}],"curies":[{"name":"wp","href":"https:\/\/api.w.org\/{rel}","templated":true}]}}