{"id":92334,"date":"2025-12-05T02:04:57","date_gmt":"2025-12-04T23:04:57","guid":{"rendered":"https:\/\/baldumarket.lt\/product\/lustro-bukowe-vip-la401-buk-bielony\/"},"modified":"2026-02-04T00:00:42","modified_gmt":"2026-02-03T21:00:42","slug":"lustro-bukowe-vip-la401-buk-bielony","status":"publish","type":"product","link":"https:\/\/baldumarket.lt\/lt\/product\/lustro-bukowe-vip-la401-buk-bielony\/","title":{"rendered":"VIP LA401 buko veidrodis, balintas bukas"},"content":{"rendered":"<p>Klasikinis LA401 buko medienos veidrodis gali b\u016bti ry\u0161kus dizaino elementas bet kuriame miegamajame, svetain\u0117je ar prie\u0161kambaryje. Jo paprastumas, elegancija ir nat\u016bralios medienos, i\u0161 kurios jis pagamintas, \u0161iluma yra pagrindiniai jo privalumai.<\/p>","protected":false},"excerpt":{"rendered":"<p>Klasikinis LA401 buko medienos veidrodis gali b\u016bti ry\u0161kus dizaino elementas bet kuriame miegamajame, svetain\u0117je ar prie\u0161kambaryje. Jo paprastumas, elegancija ir nat\u016bralios medienos, i\u0161 kurios jis pagamintas, \u0161iluma yra pagrindiniai jo privalumai.<\/p>","protected":false},"featured_media":82206,"comment_status":"open","ping_status":"open","template":"","meta":[],"product_brand":[],"product_cat":[9314,2113,1108],"product_tag":[],"class_list":{"0":"post-92334","1":"product","2":"type-product","3":"status-publish","4":"has-post-thumbnail","6":"product_cat-kolekcja-vip-drewmax","7":"product_cat-drewmax","8":"product_cat-mirrors","10":"first","11":"instock","12":"purchasable","13":"product-type-simple"},"_links":{"self":[{"href":"https:\/\/baldumarket.lt\/lt\/wp-json\/wp\/v2\/product\/92334","targetHints":{"allow":["GET"]}}],"collection":[{"href":"https:\/\/baldumarket.lt\/lt\/wp-json\/wp\/v2\/product"}],"about":[{"href":"https:\/\/baldumarket.lt\/lt\/wp-json\/wp\/v2\/types\/product"}],"replies":[{"embeddable":true,"href":"https:\/\/baldumarket.lt\/lt\/wp-json\/wp\/v2\/comments?post=92334"}],"wp:featuredmedia":[{"embeddable":true,"href":"https:\/\/baldumarket.lt\/lt\/wp-json\/wp\/v2\/media\/82206"}],"wp:attachment":[{"href":"https:\/\/baldumarket.lt\/lt\/wp-json\/wp\/v2\/media?parent=92334"}],"wp:term":[{"taxonomy":"product_brand","embeddable":true,"href":"https:\/\/baldumarket.lt\/lt\/wp-json\/wp\/v2\/product_brand?post=92334"},{"taxonomy":"product_cat","embeddable":true,"href":"https:\/\/baldumarket.lt\/lt\/wp-json\/wp\/v2\/product_cat?post=92334"},{"taxonomy":"product_tag","embeddable":true,"href":"https:\/\/baldumarket.lt\/lt\/wp-json\/wp\/v2\/product_tag?post=92334"}],"curies":[{"name":"wp","href":"https:\/\/api.w.org\/{rel}","templated":true}]}}