{"id":92321,"date":"2025-12-05T02:04:43","date_gmt":"2025-12-04T23:04:43","guid":{"rendered":"https:\/\/baldumarket.lt\/product\/lustro-metalowe-metal-la370\/"},"modified":"2026-02-04T00:00:45","modified_gmt":"2026-02-03T21:00:45","slug":"lustro-metalowe-metal-la370","status":"publish","type":"product","link":"https:\/\/baldumarket.lt\/lt\/product\/lustro-metalowe-metal-la370\/","title":{"rendered":"METAL LA370 metalinis veidrodis"},"content":{"rendered":"<p>Sta\u010diakampis LA370 veidrodis buvo sukurtas galvojant apie modern\u0173, industrin\u012f interjer\u0105. \u012estatytas \u012f metalin\u012f r\u0117m\u0105, jis suteiks charakterio Metalo kolekcijos kompozicijoms.<\/p>","protected":false},"excerpt":{"rendered":"<p>Sta\u010diakampis LA370 veidrodis buvo sukurtas galvojant apie modern\u0173, industrin\u012f interjer\u0105. \u012estatytas \u012f metalin\u012f r\u0117m\u0105, jis suteiks charakterio Metalo kolekcijos kompozicijoms.<\/p>","protected":false},"featured_media":92322,"comment_status":"open","ping_status":"open","template":"","meta":[],"product_brand":[],"product_cat":[9316,2113,1108],"product_tag":[],"class_list":{"0":"post-92321","1":"product","2":"type-product","3":"status-publish","4":"has-post-thumbnail","6":"product_cat-metal-collection-drewmax","7":"product_cat-drewmax","8":"product_cat-mirrors","10":"first","11":"instock","12":"purchasable","13":"product-type-simple"},"_links":{"self":[{"href":"https:\/\/baldumarket.lt\/lt\/wp-json\/wp\/v2\/product\/92321","targetHints":{"allow":["GET"]}}],"collection":[{"href":"https:\/\/baldumarket.lt\/lt\/wp-json\/wp\/v2\/product"}],"about":[{"href":"https:\/\/baldumarket.lt\/lt\/wp-json\/wp\/v2\/types\/product"}],"replies":[{"embeddable":true,"href":"https:\/\/baldumarket.lt\/lt\/wp-json\/wp\/v2\/comments?post=92321"}],"wp:featuredmedia":[{"embeddable":true,"href":"https:\/\/baldumarket.lt\/lt\/wp-json\/wp\/v2\/media\/92322"}],"wp:attachment":[{"href":"https:\/\/baldumarket.lt\/lt\/wp-json\/wp\/v2\/media?parent=92321"}],"wp:term":[{"taxonomy":"product_brand","embeddable":true,"href":"https:\/\/baldumarket.lt\/lt\/wp-json\/wp\/v2\/product_brand?post=92321"},{"taxonomy":"product_cat","embeddable":true,"href":"https:\/\/baldumarket.lt\/lt\/wp-json\/wp\/v2\/product_cat?post=92321"},{"taxonomy":"product_tag","embeddable":true,"href":"https:\/\/baldumarket.lt\/lt\/wp-json\/wp\/v2\/product_tag?post=92321"}],"curies":[{"name":"wp","href":"https:\/\/api.w.org\/{rel}","templated":true}]}}