{"id":92317,"date":"2025-12-05T02:04:39","date_gmt":"2025-12-04T23:04:39","guid":{"rendered":"https:\/\/baldumarket.lt\/product\/lustro-debowe-vip-la301-dab-naturalny\/"},"modified":"2026-02-04T00:00:45","modified_gmt":"2026-02-03T21:00:45","slug":"lustro-debowe-vip-la301-dab-naturalny","status":"publish","type":"product","link":"https:\/\/baldumarket.lt\/lt\/product\/lustro-debowe-vip-la301-dab-naturalny\/","title":{"rendered":"\u0104\u017euolinis veidrodis VIP LA301 nat\u016bralus \u0105\u017euolas"},"content":{"rendered":"<p>Klasikinis \u0105\u017euolinis LA301 veidrodis gali b\u016bti ry\u0161kus dizaino elementas tiek miegamuosiuose, tiek svetain\u0117se, tiek koridoriuose. Jo pagrindiniai privalumai \u2013 paprastumas, elegancija ir nat\u016bralios medienos, i\u0161 kurios jis pagamintas, \u0161iluma.<\/p>","protected":false},"excerpt":{"rendered":"<p>Klasikinis \u0105\u017euolinis LA301 veidrodis gali b\u016bti ry\u0161kus dizaino elementas tiek miegamuosiuose, tiek svetain\u0117se, tiek koridoriuose. Jo pagrindiniai privalumai \u2013 paprastumas, elegancija ir nat\u016bralios medienos, i\u0161 kurios jis pagamintas, \u0161iluma.<\/p>","protected":false},"featured_media":92318,"comment_status":"open","ping_status":"open","template":"","meta":[],"product_brand":[],"product_cat":[9314,2113,1108],"product_tag":[],"class_list":{"0":"post-92317","1":"product","2":"type-product","3":"status-publish","4":"has-post-thumbnail","6":"product_cat-kolekcja-vip-drewmax","7":"product_cat-drewmax","8":"product_cat-mirrors","10":"first","11":"instock","12":"purchasable","13":"product-type-simple"},"_links":{"self":[{"href":"https:\/\/baldumarket.lt\/lt\/wp-json\/wp\/v2\/product\/92317","targetHints":{"allow":["GET"]}}],"collection":[{"href":"https:\/\/baldumarket.lt\/lt\/wp-json\/wp\/v2\/product"}],"about":[{"href":"https:\/\/baldumarket.lt\/lt\/wp-json\/wp\/v2\/types\/product"}],"replies":[{"embeddable":true,"href":"https:\/\/baldumarket.lt\/lt\/wp-json\/wp\/v2\/comments?post=92317"}],"wp:featuredmedia":[{"embeddable":true,"href":"https:\/\/baldumarket.lt\/lt\/wp-json\/wp\/v2\/media\/92318"}],"wp:attachment":[{"href":"https:\/\/baldumarket.lt\/lt\/wp-json\/wp\/v2\/media?parent=92317"}],"wp:term":[{"taxonomy":"product_brand","embeddable":true,"href":"https:\/\/baldumarket.lt\/lt\/wp-json\/wp\/v2\/product_brand?post=92317"},{"taxonomy":"product_cat","embeddable":true,"href":"https:\/\/baldumarket.lt\/lt\/wp-json\/wp\/v2\/product_cat?post=92317"},{"taxonomy":"product_tag","embeddable":true,"href":"https:\/\/baldumarket.lt\/lt\/wp-json\/wp\/v2\/product_tag?post=92317"}],"curies":[{"name":"wp","href":"https:\/\/api.w.org\/{rel}","templated":true}]}}