{"id":92307,"date":"2025-12-05T02:04:29","date_gmt":"2025-12-04T23:04:29","guid":{"rendered":"https:\/\/baldumarket.lt\/product\/lustro-sosnowe-doulis-la118-sosna-olcha\/"},"modified":"2026-02-04T00:00:47","modified_gmt":"2026-02-03T21:00:47","slug":"lustro-sosnowe-doulis-la118-sosna-olcha","status":"publish","type":"product","link":"https:\/\/baldumarket.lt\/lt\/product\/lustro-sosnowe-doulis-la118-sosna-olcha\/","title":{"rendered":"DOULIS LA118 pu\u0161ies veidrodis, pu\u0161is ir alksnis"},"content":{"rendered":"<p>Paprastas, klasikinis LA118 veidrodis su r\u0117mu, pagamintu i\u0161 pu\u0161ies masyvo, yra ir gra\u017eus, ir funkcionalus. Tod\u0117l jis puikiai tinka miegamajam, svetainei ar prie\u0161kambariui.<\/p>","protected":false},"excerpt":{"rendered":"<p>Paprastas, klasikinis LA118 veidrodis su r\u0117mu, pagamintu i\u0161 pu\u0161ies masyvo, yra ir gra\u017eus, ir funkcionalus. Tod\u0117l jis puikiai tinka miegamajam, svetainei ar prie\u0161kambariui.<\/p>","protected":false},"featured_media":92302,"comment_status":"open","ping_status":"open","template":"","meta":[],"product_brand":[],"product_cat":[9319,2113,1108],"product_tag":[],"class_list":{"0":"post-92307","1":"product","2":"type-product","3":"status-publish","4":"has-post-thumbnail","6":"product_cat-doulis-collection-drewmax","7":"product_cat-drewmax","8":"product_cat-mirrors","10":"first","11":"instock","12":"purchasable","13":"product-type-simple"},"_links":{"self":[{"href":"https:\/\/baldumarket.lt\/lt\/wp-json\/wp\/v2\/product\/92307","targetHints":{"allow":["GET"]}}],"collection":[{"href":"https:\/\/baldumarket.lt\/lt\/wp-json\/wp\/v2\/product"}],"about":[{"href":"https:\/\/baldumarket.lt\/lt\/wp-json\/wp\/v2\/types\/product"}],"replies":[{"embeddable":true,"href":"https:\/\/baldumarket.lt\/lt\/wp-json\/wp\/v2\/comments?post=92307"}],"wp:featuredmedia":[{"embeddable":true,"href":"https:\/\/baldumarket.lt\/lt\/wp-json\/wp\/v2\/media\/92302"}],"wp:attachment":[{"href":"https:\/\/baldumarket.lt\/lt\/wp-json\/wp\/v2\/media?parent=92307"}],"wp:term":[{"taxonomy":"product_brand","embeddable":true,"href":"https:\/\/baldumarket.lt\/lt\/wp-json\/wp\/v2\/product_brand?post=92307"},{"taxonomy":"product_cat","embeddable":true,"href":"https:\/\/baldumarket.lt\/lt\/wp-json\/wp\/v2\/product_cat?post=92307"},{"taxonomy":"product_tag","embeddable":true,"href":"https:\/\/baldumarket.lt\/lt\/wp-json\/wp\/v2\/product_tag?post=92307"}],"curies":[{"name":"wp","href":"https:\/\/api.w.org\/{rel}","templated":true}]}}