{"id":92299,"date":"2025-12-05T02:04:20","date_gmt":"2025-12-04T23:04:20","guid":{"rendered":"https:\/\/baldumarket.lt\/product\/lozeczko-bukowe-lk143-buk-naturalny\/"},"modified":"2026-02-04T00:00:47","modified_gmt":"2026-02-03T21:00:47","slug":"lozeczko-bukowe-lk143-buk-naturalny","status":"publish","type":"product","link":"https:\/\/baldumarket.lt\/lt\/product\/lozeczko-bukowe-lk143-buk-naturalny\/","title":{"rendered":"Buko lova LK143 nat\u016bralus bukas"},"content":{"rendered":"<p>Tvirta LK143 k\u016bdikio lovel\u0117 pagaminta i\u0161 tvirtos buko medienos. Paprastas, minimalistinis, ta\u010diau funkcionalus dizainas leid\u017eia reguliuoti miegojimo auk\u0161t\u012f dviem lygiais ir turi tris nuimamas pakopas. Atsi\u017evelgiant \u012f j\u016bs\u0173 vaiko gerov\u0119, lovel\u0117 pagaminta pagal dabartinius standartus ir yra sertifikuota naudoti su k\u016bdikiais.<\/p>\n<p>Lovyt\u0117je yra r\u0117mas.<\/p>\n<p>\u010ciu\u017einys parduodamas atskirai.<\/p>","protected":false},"excerpt":{"rendered":"<p>Tvirta LK143 k\u016bdikio lovel\u0117 pagaminta i\u0161 tvirtos buko medienos. Paprastas, minimalistinis, ta\u010diau funkcionalus dizainas leid\u017eia reguliuoti miegojimo auk\u0161t\u012f dviem lygiais ir turi tris nuimamas pakopas. Atsi\u017evelgiant \u012f j\u016bs\u0173 vaiko gerov\u0119, lovel\u0117 pagaminta pagal dabartinius standartus ir yra sertifikuota naudoti su k\u016bdikiais. Lop\u0161ys turi r\u0117m\u0105. [\u2026]<\/p>","protected":false},"featured_media":92300,"comment_status":"open","ping_status":"open","template":"","meta":[],"product_brand":[],"product_cat":[505,2113],"product_tag":[],"class_list":{"0":"post-92299","1":"product","2":"type-product","3":"status-publish","4":"has-post-thumbnail","6":"product_cat-bedroom-beds","7":"product_cat-drewmax","9":"first","10":"instock","11":"purchasable","12":"product-type-simple"},"_links":{"self":[{"href":"https:\/\/baldumarket.lt\/lt\/wp-json\/wp\/v2\/product\/92299","targetHints":{"allow":["GET"]}}],"collection":[{"href":"https:\/\/baldumarket.lt\/lt\/wp-json\/wp\/v2\/product"}],"about":[{"href":"https:\/\/baldumarket.lt\/lt\/wp-json\/wp\/v2\/types\/product"}],"replies":[{"embeddable":true,"href":"https:\/\/baldumarket.lt\/lt\/wp-json\/wp\/v2\/comments?post=92299"}],"wp:featuredmedia":[{"embeddable":true,"href":"https:\/\/baldumarket.lt\/lt\/wp-json\/wp\/v2\/media\/92300"}],"wp:attachment":[{"href":"https:\/\/baldumarket.lt\/lt\/wp-json\/wp\/v2\/media?parent=92299"}],"wp:term":[{"taxonomy":"product_brand","embeddable":true,"href":"https:\/\/baldumarket.lt\/lt\/wp-json\/wp\/v2\/product_brand?post=92299"},{"taxonomy":"product_cat","embeddable":true,"href":"https:\/\/baldumarket.lt\/lt\/wp-json\/wp\/v2\/product_cat?post=92299"},{"taxonomy":"product_tag","embeddable":true,"href":"https:\/\/baldumarket.lt\/lt\/wp-json\/wp\/v2\/product_tag?post=92299"}],"curies":[{"name":"wp","href":"https:\/\/api.w.org\/{rel}","templated":true}]}}