{"id":92049,"date":"2025-12-05T01:59:54","date_gmt":"2025-12-04T22:59:54","guid":{"rendered":"https:\/\/baldumarket.lt\/product\/lozko-box-bukowe-lk192-box-buk-rustikal-2\/"},"modified":"2026-02-04T00:01:13","modified_gmt":"2026-02-03T21:01:13","slug":"lozko-box-bukowe-lk192-box-buk-rustikal-2","status":"publish","type":"product","link":"https:\/\/baldumarket.lt\/lt\/product\/lozko-box-bukowe-lk192-box-buk-rustikal-2\/","title":{"rendered":"BOX buko lova LK192 BOX kaimi\u0161ko buko"},"content":{"rendered":"<p>LK192 BOX lova \u2013 tai tobulas klasikinio gro\u017eio ir prakti\u0161kumo derinys. I\u0161skirtinis, kampuotas galv\u016bgalis suteikia lovai unikal\u0173 stili\u0173. Lova turi metalin\u012f r\u0117m\u0105 su groteli\u0173 pagrindu ir pak\u0117limo mechanizmu, taip pat prakti\u0161k\u0105 patalyn\u0117s d\u0117\u017e\u0119.<\/p>\n<p>LK192 BOX lova turi metalin\u012f r\u0117m\u0105 su keltuvu ir groteli\u0173 pagrind\u0105, kuris parduodamas atskirai \u2013 FRONT lovos r\u0117mas<\/p>\n<p>Lova LK192 BOX taip pat galima \u012fsigyti be patalyn\u0117s d\u0117\u017e\u0117s \u2013 buko medienos lova LK192<\/p>","protected":false},"excerpt":{"rendered":"<p>LK192 BOX lova \u2013 tai tobulas klasikinio gro\u017eio ir prakti\u0161kumo derinys. I\u0161skirtinis, kampuotas galv\u016bgalis suteikia jai unikal\u0173 stili\u0173. Lova turi metalin\u012f r\u0117m\u0105 su groteli\u0173 pagrindu ir pak\u0117l\u0117j\u0105, taip pat prakti\u0161k\u0105 patalyn\u0117s d\u0117\u017e\u0119. LK192 BOX lova turi metalin\u012f r\u0117m\u0105 su pak\u0117l\u0117ju ir [\u2026]<\/p>","protected":false},"featured_media":92050,"comment_status":"open","ping_status":"open","template":"","meta":[],"product_brand":[],"product_cat":[9304,9317,505,2113],"product_tag":[],"class_list":{"0":"post-92049","1":"product","2":"type-product","3":"status-publish","4":"has-post-thumbnail","6":"product_cat-beech-furniture-drewmax","7":"product_cat-collection-rustikal-drewmax","8":"product_cat-bedroom-beds","9":"product_cat-drewmax","11":"first","12":"instock","13":"purchasable","14":"product-type-simple"},"_links":{"self":[{"href":"https:\/\/baldumarket.lt\/lt\/wp-json\/wp\/v2\/product\/92049","targetHints":{"allow":["GET"]}}],"collection":[{"href":"https:\/\/baldumarket.lt\/lt\/wp-json\/wp\/v2\/product"}],"about":[{"href":"https:\/\/baldumarket.lt\/lt\/wp-json\/wp\/v2\/types\/product"}],"replies":[{"embeddable":true,"href":"https:\/\/baldumarket.lt\/lt\/wp-json\/wp\/v2\/comments?post=92049"}],"wp:featuredmedia":[{"embeddable":true,"href":"https:\/\/baldumarket.lt\/lt\/wp-json\/wp\/v2\/media\/92050"}],"wp:attachment":[{"href":"https:\/\/baldumarket.lt\/lt\/wp-json\/wp\/v2\/media?parent=92049"}],"wp:term":[{"taxonomy":"product_brand","embeddable":true,"href":"https:\/\/baldumarket.lt\/lt\/wp-json\/wp\/v2\/product_brand?post=92049"},{"taxonomy":"product_cat","embeddable":true,"href":"https:\/\/baldumarket.lt\/lt\/wp-json\/wp\/v2\/product_cat?post=92049"},{"taxonomy":"product_tag","embeddable":true,"href":"https:\/\/baldumarket.lt\/lt\/wp-json\/wp\/v2\/product_tag?post=92049"}],"curies":[{"name":"wp","href":"https:\/\/api.w.org\/{rel}","templated":true}]}}