{"id":91931,"date":"2025-12-05T01:57:57","date_gmt":"2025-12-04T22:57:57","guid":{"rendered":"https:\/\/baldumarket.lt\/product\/lozko-box-debowe-lk212-box-dab-dark-3\/"},"modified":"2026-02-04T00:01:25","modified_gmt":"2026-02-03T21:01:25","slug":"lozko-box-debowe-lk212-box-dab-dark-3","status":"publish","type":"product","link":"https:\/\/baldumarket.lt\/lt\/product\/lozko-box-debowe-lk212-box-dab-dark-3\/","title":{"rendered":"BOX \u0105\u017euolin\u0117 lova LK212 BOX tamsaus \u0105\u017euolo spalvos"},"content":{"rendered":"<p>\u0104\u017euolin\u0117 lova \u201eLK212 BOX\u201c \u2013 puikus pasirinkimas ie\u0161kantiems prakti\u0161k\u0173 sprendim\u0173 savo miegamajam. Paprastas, ta\u010diau tvirtas dizainas papuo\u0161 bet kok\u012f interjer\u0105. I\u0161skirtin\u0117 nat\u016bralios medienos tekst\u016bra ir matomi ra\u0161tai suteikia charakterio ir sustiprina estetin\u012f patrauklum\u0105. Bald\u0173 gamintojas taip pat skiria d\u0117mesio savo gamini\u0173 prakti\u0161kumui.<\/p>\n<p>LK212 BOX lova turi metalin\u012f r\u0117m\u0105 su pak\u0117limo mechanizmu ir groteles, kurios parduodamos atskirai \u2013 r\u0117mas FRONT d\u0117\u017eei.<\/p>\n<p>Lova LK212 BOX taip pat galima \u012fsigyti be patalyn\u0117s laikymo skyriaus \u2013 \u0105\u017euolin\u0117 lova LK212.<\/p>\n<p>Paveiksl\u0117lis yra tik iliustracinis, pagamintas i\u0161 buko medienos.<\/p>","protected":false},"excerpt":{"rendered":"<p>\u0104\u017euolin\u0117 lova \u201eLK212 BOX\u201c \u2013 puikus pasirinkimas ie\u0161kantiems prakti\u0161k\u0173 sprendim\u0173 savo miegamajam. Paprastas, ta\u010diau tvirtas dizainas papuo\u0161 bet kok\u012f interjer\u0105. I\u0161skirtin\u0117 nat\u016bralios medienos tekst\u016bra ir matomi ra\u0161tai suteikia jai charakterio ir sustiprina estetin\u012f patrauklum\u0105. Bald\u0173 gamintojas taip pat skiria d\u0117mesio savo gamini\u0173 prakti\u0161kumui. [\u2026]<\/p>","protected":false},"featured_media":91914,"comment_status":"open","ping_status":"open","template":"","meta":[],"product_brand":[],"product_cat":[9303,505,2113],"product_tag":[],"class_list":{"0":"post-91931","1":"product","2":"type-product","3":"status-publish","4":"has-post-thumbnail","6":"product_cat-oak-furniture-drewmax","7":"product_cat-bedroom-beds","8":"product_cat-drewmax","10":"first","11":"instock","12":"purchasable","13":"product-type-simple"},"_links":{"self":[{"href":"https:\/\/baldumarket.lt\/lt\/wp-json\/wp\/v2\/product\/91931","targetHints":{"allow":["GET"]}}],"collection":[{"href":"https:\/\/baldumarket.lt\/lt\/wp-json\/wp\/v2\/product"}],"about":[{"href":"https:\/\/baldumarket.lt\/lt\/wp-json\/wp\/v2\/types\/product"}],"replies":[{"embeddable":true,"href":"https:\/\/baldumarket.lt\/lt\/wp-json\/wp\/v2\/comments?post=91931"}],"wp:featuredmedia":[{"embeddable":true,"href":"https:\/\/baldumarket.lt\/lt\/wp-json\/wp\/v2\/media\/91914"}],"wp:attachment":[{"href":"https:\/\/baldumarket.lt\/lt\/wp-json\/wp\/v2\/media?parent=91931"}],"wp:term":[{"taxonomy":"product_brand","embeddable":true,"href":"https:\/\/baldumarket.lt\/lt\/wp-json\/wp\/v2\/product_brand?post=91931"},{"taxonomy":"product_cat","embeddable":true,"href":"https:\/\/baldumarket.lt\/lt\/wp-json\/wp\/v2\/product_cat?post=91931"},{"taxonomy":"product_tag","embeddable":true,"href":"https:\/\/baldumarket.lt\/lt\/wp-json\/wp\/v2\/product_tag?post=91931"}],"curies":[{"name":"wp","href":"https:\/\/api.w.org\/{rel}","templated":true}]}}