{"id":91827,"date":"2025-12-05T01:55:31","date_gmt":"2025-12-04T22:55:31","guid":{"rendered":"https:\/\/baldumarket.lt\/product\/lozko-bukowe-lk165-buk-cherry\/"},"modified":"2026-02-04T00:01:53","modified_gmt":"2026-02-03T21:01:53","slug":"lozko-bukowe-lk165-buk-cherry","status":"publish","type":"product","link":"https:\/\/baldumarket.lt\/lt\/product\/lozko-bukowe-lk165-buk-cherry\/","title":{"rendered":"Buko lova LK165 buko vy\u0161nios spalvos"},"content":{"rendered":"<p>Minimalistin\u0117 ir moderni LK165 lova pagaminta i\u0161 tvirtos buko medienos. A\u017e\u016brinis, lenktas galv\u016bgalis, besit\u0119siantis vir\u0161 lovos r\u0117mo, puikiai tinka atsipalaiduoti vakare su knyga ar filmu. Pana\u0161iai, lenktos kojel\u0117s ties galv\u016bgaliu ir ma\u017eos, dekoratyvios priekin\u0117s kojel\u0117s suteikia visai konstrukcijai lengvumo ir pabr\u0117\u017eia jos unikal\u0173 charakter\u012f. Kartu LK165 lova gali tapti bet kurio miegamojo centriniu akcentu.<\/p>\n<p>Lovos r\u0117mas ir \u010diu\u017einys parduodami atskirai.<\/p>","protected":false},"excerpt":{"rendered":"<p>Minimalistin\u0117 ir moderni LK165 lova pagaminta i\u0161 tvirtos buko medienos. A\u017e\u016brinis, lenktas galv\u016bgalis, besit\u0119siantis vir\u0161 lovos r\u0117mo, puikiai tinka atsipalaiduoti vakare su knyga ar filmu. Pana\u0161iai, lenktos kojel\u0117s galv\u016bgalyje ir ma\u017eos, dekoratyvios priekin\u0117s kojel\u0117s suteikia visai konstrukcijai lengvumo ir [\u2026]<\/p>","protected":false},"featured_media":91820,"comment_status":"open","ping_status":"open","template":"","meta":[],"product_brand":[],"product_cat":[9304,505,2113],"product_tag":[],"class_list":{"0":"post-91827","1":"product","2":"type-product","3":"status-publish","4":"has-post-thumbnail","6":"product_cat-beech-furniture-drewmax","7":"product_cat-bedroom-beds","8":"product_cat-drewmax","10":"first","11":"instock","12":"purchasable","13":"product-type-simple"},"_links":{"self":[{"href":"https:\/\/baldumarket.lt\/lt\/wp-json\/wp\/v2\/product\/91827","targetHints":{"allow":["GET"]}}],"collection":[{"href":"https:\/\/baldumarket.lt\/lt\/wp-json\/wp\/v2\/product"}],"about":[{"href":"https:\/\/baldumarket.lt\/lt\/wp-json\/wp\/v2\/types\/product"}],"replies":[{"embeddable":true,"href":"https:\/\/baldumarket.lt\/lt\/wp-json\/wp\/v2\/comments?post=91827"}],"wp:featuredmedia":[{"embeddable":true,"href":"https:\/\/baldumarket.lt\/lt\/wp-json\/wp\/v2\/media\/91820"}],"wp:attachment":[{"href":"https:\/\/baldumarket.lt\/lt\/wp-json\/wp\/v2\/media?parent=91827"}],"wp:term":[{"taxonomy":"product_brand","embeddable":true,"href":"https:\/\/baldumarket.lt\/lt\/wp-json\/wp\/v2\/product_brand?post=91827"},{"taxonomy":"product_cat","embeddable":true,"href":"https:\/\/baldumarket.lt\/lt\/wp-json\/wp\/v2\/product_cat?post=91827"},{"taxonomy":"product_tag","embeddable":true,"href":"https:\/\/baldumarket.lt\/lt\/wp-json\/wp\/v2\/product_tag?post=91827"}],"curies":[{"name":"wp","href":"https:\/\/api.w.org\/{rel}","templated":true}]}}