{"id":91626,"date":"2025-12-05T01:50:34","date_gmt":"2025-12-04T22:50:34","guid":{"rendered":"https:\/\/baldumarket.lt\/product\/lozko-debowe-lk210-dab-naturalny\/"},"modified":"2026-02-04T00:02:50","modified_gmt":"2026-02-03T21:02:50","slug":"lozko-debowe-lk210-dab-naturalny","status":"publish","type":"product","link":"https:\/\/baldumarket.lt\/lt\/product\/lozko-debowe-lk210-dab-naturalny\/","title":{"rendered":"\u0104\u017euolin\u0117 lova LK210, nat\u016bralus \u0105\u017euolas"},"content":{"rendered":"<p>\u0104\u017euolin\u0117 lova \u201eLK210\u201c pasi\u017eymi moderniu dizainu. Pagrindiniai jos bruo\u017eai \u2013 u\u017eapvalinti r\u0117mo kra\u0161tai, didelis, tvirtas galv\u016bgalis ir tvirta forma, kuri d\u0117l savo konstrukcijos taip pat \u012fgauna lengvumo, sukurdama \u012fsp\u016bd\u012f, kad lova kybo ore. \u0160is efektas suteiks j\u016bs\u0173 namams magijos. Kartu su tos pa\u010dios serijos naktiniais staliukais (SN219 ir SN220) galite sukurti komplekt\u0105, kuris puikiai papildys modern\u0173 miegamojo interjer\u0105.<\/p>\n<p>Lovos r\u0117mas ir \u010diu\u017einys parduodami atskirai.<br \/>\nLovos konstrukcija nepalaiko elektrinio lovos r\u0117mo montavimo.<\/p>","protected":false},"excerpt":{"rendered":"<p>\u0104\u017euolin\u0117 lova \u201eLK210\u201c pasi\u017eymi moderniu dizainu. Pagrindiniai jos bruo\u017eai \u2013 u\u017eapvalinti r\u0117mo kra\u0161tai, didelis, tvirtas galv\u016bgalis ir tvirta forma, kuri d\u0117l savo konstrukcijos taip pat \u012fgauna lengvumo, sukurdama \u012fsp\u016bd\u012f, kad lova kybo ore. \u0160is efektas suteiks j\u016bs\u0173 namams magijos. [\u2026]<\/p>","protected":false},"featured_media":91625,"comment_status":"open","ping_status":"open","template":"","meta":[],"product_brand":[],"product_cat":[9303,505,2113],"product_tag":[],"class_list":{"0":"post-91626","1":"product","2":"type-product","3":"status-publish","4":"has-post-thumbnail","6":"product_cat-oak-furniture-drewmax","7":"product_cat-bedroom-beds","8":"product_cat-drewmax","10":"first","11":"instock","12":"purchasable","13":"product-type-simple"},"_links":{"self":[{"href":"https:\/\/baldumarket.lt\/lt\/wp-json\/wp\/v2\/product\/91626","targetHints":{"allow":["GET"]}}],"collection":[{"href":"https:\/\/baldumarket.lt\/lt\/wp-json\/wp\/v2\/product"}],"about":[{"href":"https:\/\/baldumarket.lt\/lt\/wp-json\/wp\/v2\/types\/product"}],"replies":[{"embeddable":true,"href":"https:\/\/baldumarket.lt\/lt\/wp-json\/wp\/v2\/comments?post=91626"}],"wp:featuredmedia":[{"embeddable":true,"href":"https:\/\/baldumarket.lt\/lt\/wp-json\/wp\/v2\/media\/91625"}],"wp:attachment":[{"href":"https:\/\/baldumarket.lt\/lt\/wp-json\/wp\/v2\/media?parent=91626"}],"wp:term":[{"taxonomy":"product_brand","embeddable":true,"href":"https:\/\/baldumarket.lt\/lt\/wp-json\/wp\/v2\/product_brand?post=91626"},{"taxonomy":"product_cat","embeddable":true,"href":"https:\/\/baldumarket.lt\/lt\/wp-json\/wp\/v2\/product_cat?post=91626"},{"taxonomy":"product_tag","embeddable":true,"href":"https:\/\/baldumarket.lt\/lt\/wp-json\/wp\/v2\/product_tag?post=91626"}],"curies":[{"name":"wp","href":"https:\/\/api.w.org\/{rel}","templated":true}]}}