{"id":91617,"date":"2025-12-05T01:50:23","date_gmt":"2025-12-04T22:50:23","guid":{"rendered":"https:\/\/baldumarket.lt\/product\/lozko-debowe-lk211-dab-naturalny-2\/"},"modified":"2026-02-04T00:02:52","modified_gmt":"2026-02-03T21:02:52","slug":"lozko-debowe-lk211-dab-naturalny-2","status":"publish","type":"product","link":"https:\/\/baldumarket.lt\/lt\/product\/lozko-debowe-lk211-dab-naturalny-2\/","title":{"rendered":"\u0104\u017euolin\u0117 lova LK211 nat\u016bralus \u0105\u017euolas"},"content":{"rendered":"<p>\u0104\u017euolin\u0117 lova \u201eLK211\u201c spinduliuoja elegancija, kuri papildo modern\u0173 interjer\u0105. Tvirta \u0105\u017euolo mediena suteikia jai nat\u016brali\u0105 ir esteti\u0161kai patraukli\u0105 i\u0161vaizd\u0105. Dekoratyvus galv\u016bgalis suteikia \u017eavesio, papuo\u0161damas bet kur\u012f miegam\u0105j\u012f. Jis taip pat puikiai apsaugo sienas nuo d\u0117mi\u0173 ir pagalv\u0117les nuo kritimo.<\/p>\n<p>Lovos r\u0117mas ir \u010diu\u017einys parduodami atskirai.<\/p>","protected":false},"excerpt":{"rendered":"<p>\u0104\u017euolin\u0117 lova LK211 spinduliuoja elegancija, kuri papildo modern\u0173 interjer\u0105. Tvirta \u0105\u017euolo mediena suteikia jai nat\u016brali\u0105 ir esteti\u0161kai patraukli\u0105 i\u0161vaizd\u0105. Dekoratyvus galv\u016bgalis suteikia \u017eavesio ir papuo\u0161ia bet kur\u012f miegam\u0105j\u012f. Jis taip pat puikiai apsaugo sienas nuo d\u0117mi\u0173 ir pagalv\u0117les nuo kritimo. Lovos r\u0117mas ir \u010diu\u017einys parduodami atskirai.<\/p>","protected":false},"featured_media":91611,"comment_status":"open","ping_status":"open","template":"","meta":[],"product_brand":[],"product_cat":[9303,505,2113],"product_tag":[],"class_list":{"0":"post-91617","1":"product","2":"type-product","3":"status-publish","4":"has-post-thumbnail","6":"product_cat-oak-furniture-drewmax","7":"product_cat-bedroom-beds","8":"product_cat-drewmax","10":"first","11":"instock","12":"purchasable","13":"product-type-simple"},"_links":{"self":[{"href":"https:\/\/baldumarket.lt\/lt\/wp-json\/wp\/v2\/product\/91617","targetHints":{"allow":["GET"]}}],"collection":[{"href":"https:\/\/baldumarket.lt\/lt\/wp-json\/wp\/v2\/product"}],"about":[{"href":"https:\/\/baldumarket.lt\/lt\/wp-json\/wp\/v2\/types\/product"}],"replies":[{"embeddable":true,"href":"https:\/\/baldumarket.lt\/lt\/wp-json\/wp\/v2\/comments?post=91617"}],"wp:featuredmedia":[{"embeddable":true,"href":"https:\/\/baldumarket.lt\/lt\/wp-json\/wp\/v2\/media\/91611"}],"wp:attachment":[{"href":"https:\/\/baldumarket.lt\/lt\/wp-json\/wp\/v2\/media?parent=91617"}],"wp:term":[{"taxonomy":"product_brand","embeddable":true,"href":"https:\/\/baldumarket.lt\/lt\/wp-json\/wp\/v2\/product_brand?post=91617"},{"taxonomy":"product_cat","embeddable":true,"href":"https:\/\/baldumarket.lt\/lt\/wp-json\/wp\/v2\/product_cat?post=91617"},{"taxonomy":"product_tag","embeddable":true,"href":"https:\/\/baldumarket.lt\/lt\/wp-json\/wp\/v2\/product_tag?post=91617"}],"curies":[{"name":"wp","href":"https:\/\/api.w.org\/{rel}","templated":true}]}}