{"id":91581,"date":"2025-12-05T01:49:38","date_gmt":"2025-12-04T22:49:38","guid":{"rendered":"https:\/\/baldumarket.lt\/product\/lozko-debowe-lk291-dab-miodowy\/"},"modified":"2026-02-04T00:03:02","modified_gmt":"2026-02-03T21:03:02","slug":"lozko-debowe-lk291-dab-miodowy","status":"publish","type":"product","link":"https:\/\/baldumarket.lt\/lt\/product\/lozko-debowe-lk291-dab-miodowy\/","title":{"rendered":"\u0104\u017euolin\u0117 lova LK291 medaus \u0105\u017euolo spalvos"},"content":{"rendered":"<p>\u0104\u017euolin\u0117 lova \u201eLK291\u201c yra vienas i\u0161 t\u0173 bald\u0173, kurie patraukia d\u0117mes\u012f. Tvirta ir tvirta, ji pagaminta i\u0161 tvirtos \u0105\u017euolo medienos. I\u0161skirtinis, lenktas galv\u016bgalis suteikia jai unikalaus \u017eavesio. Pana\u0161iai, lenktos kojel\u0117s galv\u016bgalyje ir ma\u017eos, dekoratyvin\u0117s priekin\u0117s kojel\u0117s suteikia visai konstrukcijai lengvumo ir pabr\u0117\u017eia jos unikal\u0173 charakter\u012f. Kartu \u0161ie elementai paver\u010dia \u0161\u012f bald\u0105 puikiu bet kurio miegamojo centriniu akcentu.<\/p>\n<p>Lovos r\u0117mas ir \u010diu\u017einys parduodami atskirai.<\/p>","protected":false},"excerpt":{"rendered":"<p>\u0104\u017euolin\u0117 lova \u201eLK291\u201c yra vienas i\u0161 t\u0173 bald\u0173, kurie patraukia d\u0117mes\u012f. Tvirta ir tvirta, ji pagaminta i\u0161 tvirtos \u0105\u017euolo medienos. I\u0161skirtinis, lenktas galv\u016bgalis suteikia jai unikalaus \u017eavesio. Pana\u0161iai lenktos kojel\u0117s galv\u016bgalyje ir ma\u017eos, dekoratyvin\u0117s priekin\u0117s kojel\u0117s suteikia visai konstrukcijai lengvumo ir pabr\u0117\u017eia jos unikal\u0173 charakter\u012f. Kartu \u0161ie baldai [\u2026]<\/p>","protected":false},"featured_media":91576,"comment_status":"open","ping_status":"open","template":"","meta":[],"product_brand":[],"product_cat":[9303,505,2113],"product_tag":[],"class_list":{"0":"post-91581","1":"product","2":"type-product","3":"status-publish","4":"has-post-thumbnail","6":"product_cat-oak-furniture-drewmax","7":"product_cat-bedroom-beds","8":"product_cat-drewmax","10":"first","11":"instock","12":"purchasable","13":"product-type-simple"},"_links":{"self":[{"href":"https:\/\/baldumarket.lt\/lt\/wp-json\/wp\/v2\/product\/91581","targetHints":{"allow":["GET"]}}],"collection":[{"href":"https:\/\/baldumarket.lt\/lt\/wp-json\/wp\/v2\/product"}],"about":[{"href":"https:\/\/baldumarket.lt\/lt\/wp-json\/wp\/v2\/types\/product"}],"replies":[{"embeddable":true,"href":"https:\/\/baldumarket.lt\/lt\/wp-json\/wp\/v2\/comments?post=91581"}],"wp:featuredmedia":[{"embeddable":true,"href":"https:\/\/baldumarket.lt\/lt\/wp-json\/wp\/v2\/media\/91576"}],"wp:attachment":[{"href":"https:\/\/baldumarket.lt\/lt\/wp-json\/wp\/v2\/media?parent=91581"}],"wp:term":[{"taxonomy":"product_brand","embeddable":true,"href":"https:\/\/baldumarket.lt\/lt\/wp-json\/wp\/v2\/product_brand?post=91581"},{"taxonomy":"product_cat","embeddable":true,"href":"https:\/\/baldumarket.lt\/lt\/wp-json\/wp\/v2\/product_cat?post=91581"},{"taxonomy":"product_tag","embeddable":true,"href":"https:\/\/baldumarket.lt\/lt\/wp-json\/wp\/v2\/product_tag?post=91581"}],"curies":[{"name":"wp","href":"https:\/\/api.w.org\/{rel}","templated":true}]}}