{"id":91572,"date":"2025-12-05T01:49:27","date_gmt":"2025-12-04T22:49:27","guid":{"rendered":"https:\/\/baldumarket.lt\/product\/lozko-debowe-lk292-dab-kakao-2\/"},"modified":"2026-02-04T00:03:04","modified_gmt":"2026-02-03T21:03:04","slug":"lozko-debowe-lk292-dab-kakao-2","status":"publish","type":"product","link":"https:\/\/baldumarket.lt\/lt\/product\/lozko-debowe-lk292-dab-kakao-2\/","title":{"rendered":"\u0104\u017euolin\u0117 lova LK292 kakavos \u0105\u017euolo spalvos"},"content":{"rendered":"<p>\u0104\u017euolin\u0117 lova \u201eLK292\u201c pagaminta i\u0161 tvirtos, nat\u016bralios medienos. Paprast\u0105 dizain\u0105 pary\u0161kina tik dekoratyvinis galv\u016bgalis, kuris atlieka ir praktin\u0119 funkcij\u0105 \u2013 apsaugo sien\u0105 nuo d\u0117mi\u0173. Lovos priekis yra pana\u0161iai apdailintas, su pana\u0161iais \u012f galv\u016bgalio papuo\u0161imais, tod\u0117l ji yra dekoratyvus elementas bet kuriame miegamajame. Gra\u017eus nat\u016bralaus \u0105\u017euolo medienos ra\u0161tas suteiks interjerui \u0161ilumos ir \u017eavesio.<\/p>\n<p>Lovos r\u0117mas ir \u010diu\u017einys parduodami atskirai.<\/p>","protected":false},"excerpt":{"rendered":"<p>\u0104\u017euolin\u0117 lova \u201eLK292\u201c pagaminta i\u0161 tvirtos, nat\u016bralios medienos. Paprast\u0105 dizain\u0105 pary\u0161kina tik dekoratyvinis galv\u016bgalis, kuris taip pat atlieka praktin\u0119 funkcij\u0105 \u2013 apsaugo sien\u0105 nuo d\u0117mi\u0173. Lovos priekis yra pana\u0161iai apdailintas, su pana\u0161iais papuo\u0161imais kaip ir galv\u016bgalis, tod\u0117l jis yra dekoratyvinis elementas bet kuriame [\u2026]<\/p>","protected":false},"featured_media":91565,"comment_status":"open","ping_status":"open","template":"","meta":[],"product_brand":[],"product_cat":[9303,505,2113],"product_tag":[],"class_list":{"0":"post-91572","1":"product","2":"type-product","3":"status-publish","4":"has-post-thumbnail","6":"product_cat-oak-furniture-drewmax","7":"product_cat-bedroom-beds","8":"product_cat-drewmax","10":"first","11":"instock","12":"purchasable","13":"product-type-simple"},"_links":{"self":[{"href":"https:\/\/baldumarket.lt\/lt\/wp-json\/wp\/v2\/product\/91572","targetHints":{"allow":["GET"]}}],"collection":[{"href":"https:\/\/baldumarket.lt\/lt\/wp-json\/wp\/v2\/product"}],"about":[{"href":"https:\/\/baldumarket.lt\/lt\/wp-json\/wp\/v2\/types\/product"}],"replies":[{"embeddable":true,"href":"https:\/\/baldumarket.lt\/lt\/wp-json\/wp\/v2\/comments?post=91572"}],"wp:featuredmedia":[{"embeddable":true,"href":"https:\/\/baldumarket.lt\/lt\/wp-json\/wp\/v2\/media\/91565"}],"wp:attachment":[{"href":"https:\/\/baldumarket.lt\/lt\/wp-json\/wp\/v2\/media?parent=91572"}],"wp:term":[{"taxonomy":"product_brand","embeddable":true,"href":"https:\/\/baldumarket.lt\/lt\/wp-json\/wp\/v2\/product_brand?post=91572"},{"taxonomy":"product_cat","embeddable":true,"href":"https:\/\/baldumarket.lt\/lt\/wp-json\/wp\/v2\/product_cat?post=91572"},{"taxonomy":"product_tag","embeddable":true,"href":"https:\/\/baldumarket.lt\/lt\/wp-json\/wp\/v2\/product_tag?post=91572"}],"curies":[{"name":"wp","href":"https:\/\/api.w.org\/{rel}","templated":true}]}}