{"id":91542,"date":"2025-12-05T01:48:50","date_gmt":"2025-12-04T22:48:50","guid":{"rendered":"https:\/\/baldumarket.lt\/product\/lozko-debowe-lk302-dab-dark\/"},"modified":"2026-02-04T00:03:11","modified_gmt":"2026-02-03T21:03:11","slug":"lozko-debowe-lk302-dab-dark","status":"publish","type":"product","link":"https:\/\/baldumarket.lt\/lt\/product\/lozko-debowe-lk302-dab-dark\/","title":{"rendered":"\u0104\u017euolin\u0117 lova LK302 tamsaus \u0105\u017euolo"},"content":{"rendered":"<p>Stilinga ir moderni LK302 lova, pagaminta i\u0161 \u0105\u017euolo masyvo, pasi\u017eymi paprastu r\u0117mu, kur\u012f laiko \u017eemos kojel\u0117s, ir groteli\u0173 formos, apmu\u0161tu galv\u016bgaliu. Auk\u0161tas, kont\u016bruotas galv\u016bgalis puikiai tinka atsipalaiduoti vakare su knyga ar filmu. Nat\u016bralaus \u0105\u017euolo mediena suteiks \u0161ilumos bet kuriam kambariui, kuriame ji bus eksponuojama. \u0104\u017euolas yra karali\u0161ka med\u017eiaga \u2013 viena geid\u017eiamiausi\u0173 bald\u0173 gamyboje ir nam\u0173 dekore. \u0160i kilni mediena atrodo unikaliai ir didingai bet kokiame interjero dizaino stiliuje, be to, yra itin patvari ir atspari pa\u017eeidimams. LK302 lova yra gryna klasika.<\/p>\n<p>LK302 lova si\u016bloma tik su \u0161iais audiniais:<\/p>\n<p>Jaguaras<\/p>\n<p>Frey<\/p>\n<p>I\u0161manusis aksomas<\/p>\n<p>Nev\u0117<\/p>\n<p>Barelis<\/p>","protected":false},"excerpt":{"rendered":"<p>Stilinga ir moderni LK302 lova, pagaminta i\u0161 \u0105\u017euolo masyvo, pasi\u017eymi paprastu r\u0117mu, kur\u012f laiko \u017eemos kojel\u0117s, ir groteli\u0173 formos, apmu\u0161tu galv\u016bgaliu. Auk\u0161tas, kont\u016bruotas galv\u016bgalis puikiai tinka atsipalaiduoti vakare su knyga ar filmu. Nat\u016bralaus \u0105\u017euolo mediena suteiks \u0161ilumos bet kuriame kambaryje, kuriame ji bus eksponuojama. \u0104\u017euolas yra [\u2026]<\/p>","protected":false},"featured_media":91543,"comment_status":"open","ping_status":"open","template":"","meta":[],"product_brand":[],"product_cat":[9303,505,2113],"product_tag":[],"class_list":{"0":"post-91542","1":"product","2":"type-product","3":"status-publish","4":"has-post-thumbnail","6":"product_cat-oak-furniture-drewmax","7":"product_cat-bedroom-beds","8":"product_cat-drewmax","10":"first","11":"instock","12":"purchasable","13":"product-type-simple"},"_links":{"self":[{"href":"https:\/\/baldumarket.lt\/lt\/wp-json\/wp\/v2\/product\/91542","targetHints":{"allow":["GET"]}}],"collection":[{"href":"https:\/\/baldumarket.lt\/lt\/wp-json\/wp\/v2\/product"}],"about":[{"href":"https:\/\/baldumarket.lt\/lt\/wp-json\/wp\/v2\/types\/product"}],"replies":[{"embeddable":true,"href":"https:\/\/baldumarket.lt\/lt\/wp-json\/wp\/v2\/comments?post=91542"}],"wp:featuredmedia":[{"embeddable":true,"href":"https:\/\/baldumarket.lt\/lt\/wp-json\/wp\/v2\/media\/91543"}],"wp:attachment":[{"href":"https:\/\/baldumarket.lt\/lt\/wp-json\/wp\/v2\/media?parent=91542"}],"wp:term":[{"taxonomy":"product_brand","embeddable":true,"href":"https:\/\/baldumarket.lt\/lt\/wp-json\/wp\/v2\/product_brand?post=91542"},{"taxonomy":"product_cat","embeddable":true,"href":"https:\/\/baldumarket.lt\/lt\/wp-json\/wp\/v2\/product_cat?post=91542"},{"taxonomy":"product_tag","embeddable":true,"href":"https:\/\/baldumarket.lt\/lt\/wp-json\/wp\/v2\/product_tag?post=91542"}],"curies":[{"name":"wp","href":"https:\/\/api.w.org\/{rel}","templated":true}]}}