{"id":91531,"date":"2025-12-05T01:48:35","date_gmt":"2025-12-04T22:48:35","guid":{"rendered":"https:\/\/baldumarket.lt\/product\/lozko-metalowo-debowe-lk371-dab-miodowy-2\/"},"modified":"2026-02-04T00:03:14","modified_gmt":"2026-02-03T21:03:14","slug":"lozko-metalowo-debowe-lk371-dab-miodowy-2","status":"publish","type":"product","link":"https:\/\/baldumarket.lt\/lt\/product\/lozko-metalowo-debowe-lk371-dab-miodowy-2\/","title":{"rendered":"Metalin\u0117 ir \u0105\u017euolin\u0117 lova LK371 medaus \u0105\u017euolo spalvos"},"content":{"rendered":"<p>LK371 \u0105\u017euolo ir metalo lova primena industrin\u012f stili\u0173. Madingas \u0161iltos, nat\u016bralios medienos ir tamsaus metalo v\u0117sumo derinys atspindi naujausias tendencijas. I\u0161ties i\u0161skirtinis baldas, galintis tapti bet kurio miegamojo traukos centru.<\/p>\n<p>Lovos r\u0117mas ir \u010diu\u017einys parduodami atskirai.<\/p>","protected":false},"excerpt":{"rendered":"<p>\u0104\u017euolo ir metalo lova \u201eLK371\u201c primena industrin\u012f stili\u0173. Madingas \u0161iltos, nat\u016bralios medienos ir tamsaus metalo v\u0117sumo derinys atspindi naujausias tendencijas. I\u0161ties i\u0161skirtinis baldas, galintis tapti bet kurio miegamojo akcentu. Lovos r\u0117mas ir \u010diu\u017einys parduodami atskirai.<\/p>","protected":false},"featured_media":91521,"comment_status":"open","ping_status":"open","template":"","meta":[],"product_brand":[],"product_cat":[9316,9303,505,2113],"product_tag":[],"class_list":{"0":"post-91531","1":"product","2":"type-product","3":"status-publish","4":"has-post-thumbnail","6":"product_cat-metal-collection-drewmax","7":"product_cat-oak-furniture-drewmax","8":"product_cat-bedroom-beds","9":"product_cat-drewmax","11":"first","12":"instock","13":"purchasable","14":"product-type-simple"},"_links":{"self":[{"href":"https:\/\/baldumarket.lt\/lt\/wp-json\/wp\/v2\/product\/91531","targetHints":{"allow":["GET"]}}],"collection":[{"href":"https:\/\/baldumarket.lt\/lt\/wp-json\/wp\/v2\/product"}],"about":[{"href":"https:\/\/baldumarket.lt\/lt\/wp-json\/wp\/v2\/types\/product"}],"replies":[{"embeddable":true,"href":"https:\/\/baldumarket.lt\/lt\/wp-json\/wp\/v2\/comments?post=91531"}],"wp:featuredmedia":[{"embeddable":true,"href":"https:\/\/baldumarket.lt\/lt\/wp-json\/wp\/v2\/media\/91521"}],"wp:attachment":[{"href":"https:\/\/baldumarket.lt\/lt\/wp-json\/wp\/v2\/media?parent=91531"}],"wp:term":[{"taxonomy":"product_brand","embeddable":true,"href":"https:\/\/baldumarket.lt\/lt\/wp-json\/wp\/v2\/product_brand?post=91531"},{"taxonomy":"product_cat","embeddable":true,"href":"https:\/\/baldumarket.lt\/lt\/wp-json\/wp\/v2\/product_cat?post=91531"},{"taxonomy":"product_tag","embeddable":true,"href":"https:\/\/baldumarket.lt\/lt\/wp-json\/wp\/v2\/product_tag?post=91531"}],"curies":[{"name":"wp","href":"https:\/\/api.w.org\/{rel}","templated":true}]}}