{"id":91307,"date":"2025-12-05T01:43:47","date_gmt":"2025-12-04T22:43:47","guid":{"rendered":"https:\/\/baldumarket.lt\/product\/lozko-sosnowe-lk133-sosna-dab\/"},"modified":"2026-02-04T00:04:22","modified_gmt":"2026-02-03T21:04:22","slug":"lozko-sosnowe-lk133-sosna-dab","status":"publish","type":"product","link":"https:\/\/baldumarket.lt\/lt\/product\/lozko-sosnowe-lk133-sosna-dab\/","title":{"rendered":"Pu\u0161in\u0117 lova LK133 pu\u0161is \u0105\u017euolas"},"content":{"rendered":"<p>Pagrindinis LK133 pu\u0161ies lovos privalumas \u2013 jos funkcionalumas. \u0160onin\u0117 atbraila ne tik puo\u0161ia lov\u0105, bet ir neleid\u017eia patalynei nukristi. Nepaisant paprasto dizaino, lova pasi\u017eymi unikaliu stiliumi ir charakteriu d\u0117l matom\u0173 nat\u016bralios pu\u0161ies medienos, i\u0161 kurios ji pagaminta, ra\u0161t\u0173.<\/p>\n<p>Lovos r\u0117mas ir \u010diu\u017einys parduodami atskirai.<\/p>","protected":false},"excerpt":{"rendered":"<p>Pagrindinis LK133 pu\u0161in\u0117s lovos privalumas yra jos funkcionalumas. \u0160onin\u0117 atbraila ne tik puo\u0161ia lov\u0105, bet ir neleid\u017eia patalynei nukristi. Nepaisant paprasto dizaino, lova pasi\u017eymi unikaliu stiliumi ir charakteriu d\u0117l matom\u0173 nat\u016bralios pu\u0161ies medienos, i\u0161 kurios ji pagaminta, ra\u0161t\u0173. [\u2026]<\/p>","protected":false},"featured_media":91296,"comment_status":"open","ping_status":"open","template":"","meta":[],"product_brand":[],"product_cat":[9305,505,2113],"product_tag":[],"class_list":{"0":"post-91307","1":"product","2":"type-product","3":"status-publish","4":"has-post-thumbnail","6":"product_cat-pine-furniture-drewmax","7":"product_cat-bedroom-beds","8":"product_cat-drewmax","10":"first","11":"instock","12":"purchasable","13":"product-type-simple"},"_links":{"self":[{"href":"https:\/\/baldumarket.lt\/lt\/wp-json\/wp\/v2\/product\/91307","targetHints":{"allow":["GET"]}}],"collection":[{"href":"https:\/\/baldumarket.lt\/lt\/wp-json\/wp\/v2\/product"}],"about":[{"href":"https:\/\/baldumarket.lt\/lt\/wp-json\/wp\/v2\/types\/product"}],"replies":[{"embeddable":true,"href":"https:\/\/baldumarket.lt\/lt\/wp-json\/wp\/v2\/comments?post=91307"}],"wp:featuredmedia":[{"embeddable":true,"href":"https:\/\/baldumarket.lt\/lt\/wp-json\/wp\/v2\/media\/91296"}],"wp:attachment":[{"href":"https:\/\/baldumarket.lt\/lt\/wp-json\/wp\/v2\/media?parent=91307"}],"wp:term":[{"taxonomy":"product_brand","embeddable":true,"href":"https:\/\/baldumarket.lt\/lt\/wp-json\/wp\/v2\/product_brand?post=91307"},{"taxonomy":"product_cat","embeddable":true,"href":"https:\/\/baldumarket.lt\/lt\/wp-json\/wp\/v2\/product_cat?post=91307"},{"taxonomy":"product_tag","embeddable":true,"href":"https:\/\/baldumarket.lt\/lt\/wp-json\/wp\/v2\/product_tag?post=91307"}],"curies":[{"name":"wp","href":"https:\/\/api.w.org\/{rel}","templated":true}]}}