{"id":91294,"date":"2025-12-05T01:43:35","date_gmt":"2025-12-04T22:43:35","guid":{"rendered":"https:\/\/baldumarket.lt\/product\/lozko-sosnowe-lk135-sosna-grey\/"},"modified":"2026-02-04T00:04:25","modified_gmt":"2026-02-03T21:04:25","slug":"lozko-sosnowe-lk135-sosna-grey","status":"publish","type":"product","link":"https:\/\/baldumarket.lt\/lt\/product\/lozko-sosnowe-lk135-sosna-grey\/","title":{"rendered":"Pu\u0161in\u0117 lova LK135 pu\u0161ies pilka"},"content":{"rendered":"<p>Bald\u0173 gamintojas \u201eDrewmax\u201c vertina ne tik estetik\u0105, bet ir savo gamini\u0173 funkcionalum\u0105. Tod\u0117l LK135 antresol\u0117-vaiki\u0161ka lova buvo sukurta siekiant suma\u017einti reikiam\u0105 erdv\u0119 ma\u017eame vaik\u0173 kambaryje. Erdv\u0117je po \u010diu\u017einiu lengva \u012frengti spinteles, stal\u0105 arba sukurti \u017eaidim\u0173 zon\u0105 j\u016bs\u0173 vaikui. Antresol\u0117 pagaminta i\u0161 tvirtos pu\u0161ies medienos ir turi stabilias medines kop\u0117\u010dias. Nat\u016bralios medienos \u0161iluma ir apsauginis barjeras leis vaikams jaustis saugiai ir patogiai. Gamybos procese naudojami tik ekologi\u0161ki, antialerginiai ir vaikams saug\u016bs vandens pagrindo lakai.<\/p>\n<p>Lovos r\u0117mas ir \u010diu\u017einys parduodami atskirai.<\/p>","protected":false},"excerpt":{"rendered":"<p>Bald\u0173 gamintojas \u201eDrewmax\u201c vertina ne tik savo gamini\u0173 estetik\u0105, bet ir funkcionalum\u0105. Tod\u0117l LK135 vaiki\u0161ka lova su antresol\u0117mis buvo sukurta siekiant suma\u017einti reikiam\u0105 erdv\u0119 ma\u017eame vaik\u0173 kambaryje. Po \u010diu\u017einiu esan\u010dioje erdv\u0117je lengva \u012frengti spinteles, stal\u0105 arba sukurti \u017eaidim\u0173 zon\u0105 j\u016bs\u0173 vaikui. [\u2026]<\/p>","protected":false},"featured_media":82681,"comment_status":"open","ping_status":"open","template":"","meta":[],"product_brand":[],"product_cat":[9305,505,2113],"product_tag":[],"class_list":{"0":"post-91294","1":"product","2":"type-product","3":"status-publish","4":"has-post-thumbnail","6":"product_cat-pine-furniture-drewmax","7":"product_cat-bedroom-beds","8":"product_cat-drewmax","10":"first","11":"instock","12":"purchasable","13":"product-type-simple"},"_links":{"self":[{"href":"https:\/\/baldumarket.lt\/lt\/wp-json\/wp\/v2\/product\/91294","targetHints":{"allow":["GET"]}}],"collection":[{"href":"https:\/\/baldumarket.lt\/lt\/wp-json\/wp\/v2\/product"}],"about":[{"href":"https:\/\/baldumarket.lt\/lt\/wp-json\/wp\/v2\/types\/product"}],"replies":[{"embeddable":true,"href":"https:\/\/baldumarket.lt\/lt\/wp-json\/wp\/v2\/comments?post=91294"}],"wp:featuredmedia":[{"embeddable":true,"href":"https:\/\/baldumarket.lt\/lt\/wp-json\/wp\/v2\/media\/82681"}],"wp:attachment":[{"href":"https:\/\/baldumarket.lt\/lt\/wp-json\/wp\/v2\/media?parent=91294"}],"wp:term":[{"taxonomy":"product_brand","embeddable":true,"href":"https:\/\/baldumarket.lt\/lt\/wp-json\/wp\/v2\/product_brand?post=91294"},{"taxonomy":"product_cat","embeddable":true,"href":"https:\/\/baldumarket.lt\/lt\/wp-json\/wp\/v2\/product_cat?post=91294"},{"taxonomy":"product_tag","embeddable":true,"href":"https:\/\/baldumarket.lt\/lt\/wp-json\/wp\/v2\/product_tag?post=91294"}],"curies":[{"name":"wp","href":"https:\/\/api.w.org\/{rel}","templated":true}]}}