{"id":91290,"date":"2025-12-05T01:43:31","date_gmt":"2025-12-04T22:43:31","guid":{"rendered":"https:\/\/baldumarket.lt\/product\/lozko-sosnowe-lk134-sosna-orzech\/"},"modified":"2026-02-04T00:04:26","modified_gmt":"2026-02-03T21:04:26","slug":"lozko-sosnowe-lk134-sosna-orzech","status":"publish","type":"product","link":"https:\/\/baldumarket.lt\/lt\/product\/lozko-sosnowe-lk134-sosna-orzech\/","title":{"rendered":"Pu\u0161in\u0117 lova LK134 pu\u0161is-rie\u0161utmedis"},"content":{"rendered":"<p>Bald\u0173 gamintojas \u201eDrewmax\u201c vertina ne tik estetik\u0105, bet ir savo gamini\u0173 funkcionalum\u0105. \u0160tai kod\u0117l LK134 dvigul\u0117 lova buvo sukurta siekiant suma\u017einti reikiam\u0105 erdv\u0119 ma\u017eame miegamajame ar vaik\u0173 kambaryje. Antr\u0105j\u0105 lovos dal\u012f galima lengvai laikyti \u012fstumiant j\u0105 po lova kaip stal\u010di\u0173. LK134 yra ne tik labai prakti\u0161ka, bet ir nat\u016bralios pu\u0161ies medienos, i\u0161 kurios ji pagaminta, gro\u017eis suteikia jai \u017eavesio.<\/p>\n<p>Lovos r\u0117mas ir \u010diu\u017einys parduodami atskirai.<\/p>","protected":false},"excerpt":{"rendered":"<p>Bald\u0173 gamintojas \u201eDrewmax\u201c vertina ne tik estetik\u0105, bet ir savo gamini\u0173 funkcionalum\u0105. \u0160tai kod\u0117l LK134 dvigul\u0117 lova buvo sukurta siekiant suma\u017einti reikiam\u0105 erdv\u0119 ma\u017eame miegamajame ar vaik\u0173 kambaryje. Antr\u0105j\u0105 lovos dal\u012f galima lengvai laikyti \u012fstumiant j\u0105 po lova kaip stal\u010di\u0173. [\u2026]<\/p>","protected":false},"featured_media":91291,"comment_status":"open","ping_status":"open","template":"","meta":[],"product_brand":[],"product_cat":[9305,505,2113],"product_tag":[],"class_list":{"0":"post-91290","1":"product","2":"type-product","3":"status-publish","4":"has-post-thumbnail","6":"product_cat-pine-furniture-drewmax","7":"product_cat-bedroom-beds","8":"product_cat-drewmax","10":"first","11":"instock","12":"purchasable","13":"product-type-simple"},"_links":{"self":[{"href":"https:\/\/baldumarket.lt\/lt\/wp-json\/wp\/v2\/product\/91290","targetHints":{"allow":["GET"]}}],"collection":[{"href":"https:\/\/baldumarket.lt\/lt\/wp-json\/wp\/v2\/product"}],"about":[{"href":"https:\/\/baldumarket.lt\/lt\/wp-json\/wp\/v2\/types\/product"}],"replies":[{"embeddable":true,"href":"https:\/\/baldumarket.lt\/lt\/wp-json\/wp\/v2\/comments?post=91290"}],"wp:featuredmedia":[{"embeddable":true,"href":"https:\/\/baldumarket.lt\/lt\/wp-json\/wp\/v2\/media\/91291"}],"wp:attachment":[{"href":"https:\/\/baldumarket.lt\/lt\/wp-json\/wp\/v2\/media?parent=91290"}],"wp:term":[{"taxonomy":"product_brand","embeddable":true,"href":"https:\/\/baldumarket.lt\/lt\/wp-json\/wp\/v2\/product_brand?post=91290"},{"taxonomy":"product_cat","embeddable":true,"href":"https:\/\/baldumarket.lt\/lt\/wp-json\/wp\/v2\/product_cat?post=91290"},{"taxonomy":"product_tag","embeddable":true,"href":"https:\/\/baldumarket.lt\/lt\/wp-json\/wp\/v2\/product_tag?post=91290"}],"curies":[{"name":"wp","href":"https:\/\/api.w.org\/{rel}","templated":true}]}}