{"id":91288,"date":"2025-12-05T01:43:29","date_gmt":"2025-12-04T22:43:29","guid":{"rendered":"https:\/\/baldumarket.lt\/product\/lozko-sosnowe-lk136-sosna-olcha-2\/"},"modified":"2026-02-04T00:04:26","modified_gmt":"2026-02-03T21:04:26","slug":"lozko-sosnowe-lk136-sosna-olcha-2","status":"publish","type":"product","link":"https:\/\/baldumarket.lt\/lt\/product\/lozko-sosnowe-lk136-sosna-olcha-2\/","title":{"rendered":"Pu\u0161in\u0117 lova LK136 pu\u0161is-alksnis"},"content":{"rendered":"<p>Bald\u0173 gamintojas \u201eDrewmax\u201c vertina ne tik estetik\u0105, bet ir savo gamini\u0173 funkcionalum\u0105. Tod\u0117l LK136 dviauk\u0161t\u0117 lova buvo sukurta siekiant suma\u017einti reikiam\u0105 erdv\u0119 ma\u017eame vaik\u0173 kambaryje. Ji turi stabilias medines kop\u0117\u010dias. Nat\u016bralios medienos \u0161iluma ir apsauginis tur\u0117klas leis vaikams jaustis saugiai ir patogiai. Gamybos procese naudojami tik ekologi\u0161ki, antialerginiai ir vaikams saug\u016bs vandens pagrindo lakai.<\/p>\n<p>Lovos r\u0117mas ir \u010diu\u017einys parduodami atskirai.<\/p>","protected":false},"excerpt":{"rendered":"<p>Bald\u0173 gamintojas \u201eDrewmax\u201c vertina ne tik estetik\u0105, bet ir savo gamini\u0173 funkcionalum\u0105. Tod\u0117l LK136 dviauk\u0161t\u0117 lova buvo sukurta siekiant suma\u017einti reikiam\u0105 erdv\u0119 ma\u017eame vaik\u0173 kambaryje. Joje yra stabilios medin\u0117s kop\u0117t\u0117l\u0117s. Nat\u016bralios medienos \u0161iluma ir apsauginis tur\u0117klas leis vaikams jaustis saugiai ir patogiai. [\u2026]<\/p>","protected":false},"featured_media":91277,"comment_status":"open","ping_status":"open","template":"","meta":[],"product_brand":[],"product_cat":[9305,505,2113],"product_tag":[],"class_list":{"0":"post-91288","1":"product","2":"type-product","3":"status-publish","4":"has-post-thumbnail","6":"product_cat-pine-furniture-drewmax","7":"product_cat-bedroom-beds","8":"product_cat-drewmax","10":"first","11":"instock","12":"purchasable","13":"product-type-simple"},"_links":{"self":[{"href":"https:\/\/baldumarket.lt\/lt\/wp-json\/wp\/v2\/product\/91288","targetHints":{"allow":["GET"]}}],"collection":[{"href":"https:\/\/baldumarket.lt\/lt\/wp-json\/wp\/v2\/product"}],"about":[{"href":"https:\/\/baldumarket.lt\/lt\/wp-json\/wp\/v2\/types\/product"}],"replies":[{"embeddable":true,"href":"https:\/\/baldumarket.lt\/lt\/wp-json\/wp\/v2\/comments?post=91288"}],"wp:featuredmedia":[{"embeddable":true,"href":"https:\/\/baldumarket.lt\/lt\/wp-json\/wp\/v2\/media\/91277"}],"wp:attachment":[{"href":"https:\/\/baldumarket.lt\/lt\/wp-json\/wp\/v2\/media?parent=91288"}],"wp:term":[{"taxonomy":"product_brand","embeddable":true,"href":"https:\/\/baldumarket.lt\/lt\/wp-json\/wp\/v2\/product_brand?post=91288"},{"taxonomy":"product_cat","embeddable":true,"href":"https:\/\/baldumarket.lt\/lt\/wp-json\/wp\/v2\/product_cat?post=91288"},{"taxonomy":"product_tag","embeddable":true,"href":"https:\/\/baldumarket.lt\/lt\/wp-json\/wp\/v2\/product_tag?post=91288"}],"curies":[{"name":"wp","href":"https:\/\/api.w.org\/{rel}","templated":true}]}}