{"id":91267,"date":"2025-12-05T01:43:05","date_gmt":"2025-12-04T22:43:05","guid":{"rendered":"https:\/\/baldumarket.lt\/product\/lozko-sosnowe-lk137-sosna-dab\/"},"modified":"2026-02-04T00:04:32","modified_gmt":"2026-02-03T21:04:32","slug":"lozko-sosnowe-lk137-sosna-dab","status":"publish","type":"product","link":"https:\/\/baldumarket.lt\/lt\/product\/lozko-sosnowe-lk137-sosna-dab\/","title":{"rendered":"Pu\u0161in\u0117 lova LK137 pu\u0161is \u0105\u017euolas"},"content":{"rendered":"<p>LK137 lovel\u0117s paprastumas ir minimalizmas puikiai tinka beveik bet kuriam vaiko kambariui. I\u0161skirtinai tvirta ir stabili konstrukcija, pagaminta i\u0161 masyvios pu\u0161ies medienos, u\u017etikrina saugum\u0105. Ji taip pat turi funkcional\u0173 tur\u0117kl\u0105, kuris apsaugo j\u016bs\u0173 ma\u017eyl\u012f nuo kritimo.<\/p>\n<p>Lovos r\u0117mas ir \u010diu\u017einys parduodami atskirai.<\/p>","protected":false},"excerpt":{"rendered":"<p>LK137 lovel\u0117s paprastumas ir minimalizmas puikiai tinka beveik bet kuriam vaiko kambariui. I\u0161skirtinai tvirta ir stabili konstrukcija, pagaminta i\u0161 pu\u0161ies masyvo, u\u017etikrina saugum\u0105. Ji taip pat turi funkcional\u0173 tur\u0117kl\u0105, kuris apsaugo j\u016bs\u0173 ma\u017eyl\u012f nuo kritimo. Lovos r\u0117mas ir \u010diu\u017einys parduodami atskirai.<\/p>","protected":false},"featured_media":91248,"comment_status":"open","ping_status":"open","template":"","meta":[],"product_brand":[],"product_cat":[9305,505,2113],"product_tag":[],"class_list":{"0":"post-91267","1":"product","2":"type-product","3":"status-publish","4":"has-post-thumbnail","6":"product_cat-pine-furniture-drewmax","7":"product_cat-bedroom-beds","8":"product_cat-drewmax","10":"first","11":"instock","12":"purchasable","13":"product-type-simple"},"_links":{"self":[{"href":"https:\/\/baldumarket.lt\/lt\/wp-json\/wp\/v2\/product\/91267","targetHints":{"allow":["GET"]}}],"collection":[{"href":"https:\/\/baldumarket.lt\/lt\/wp-json\/wp\/v2\/product"}],"about":[{"href":"https:\/\/baldumarket.lt\/lt\/wp-json\/wp\/v2\/types\/product"}],"replies":[{"embeddable":true,"href":"https:\/\/baldumarket.lt\/lt\/wp-json\/wp\/v2\/comments?post=91267"}],"wp:featuredmedia":[{"embeddable":true,"href":"https:\/\/baldumarket.lt\/lt\/wp-json\/wp\/v2\/media\/91248"}],"wp:attachment":[{"href":"https:\/\/baldumarket.lt\/lt\/wp-json\/wp\/v2\/media?parent=91267"}],"wp:term":[{"taxonomy":"product_brand","embeddable":true,"href":"https:\/\/baldumarket.lt\/lt\/wp-json\/wp\/v2\/product_brand?post=91267"},{"taxonomy":"product_cat","embeddable":true,"href":"https:\/\/baldumarket.lt\/lt\/wp-json\/wp\/v2\/product_cat?post=91267"},{"taxonomy":"product_tag","embeddable":true,"href":"https:\/\/baldumarket.lt\/lt\/wp-json\/wp\/v2\/product_tag?post=91267"}],"curies":[{"name":"wp","href":"https:\/\/api.w.org\/{rel}","templated":true}]}}