{"id":91265,"date":"2025-12-05T01:43:01","date_gmt":"2025-12-04T22:43:01","guid":{"rendered":"https:\/\/baldumarket.lt\/product\/lozko-sosnowe-lk138-sosna-olcha\/"},"modified":"2026-02-04T00:04:33","modified_gmt":"2026-02-03T21:04:33","slug":"lozko-sosnowe-lk138-sosna-olcha","status":"publish","type":"product","link":"https:\/\/baldumarket.lt\/lt\/product\/lozko-sosnowe-lk138-sosna-olcha\/","title":{"rendered":"Pu\u0161in\u0117 lova LK138 pu\u0161is alksnis"},"content":{"rendered":"<p>Bald\u0173 gamintojas \u201eDrewmax\u201c vertina ne tik estetik\u0105, bet ir savo gamini\u0173 funkcionalum\u0105. \u0160tai kod\u0117l LK138 pu\u0161in\u0117 lova buvo sukurta taip, kad b\u016bt\u0173 ne tik dekoratyvi, pasi\u017eyminti unikalia forma. Unikalus dizainas leid\u017eia derinti tiek horizontaliai, tiek vertikaliai. Ji idealiai tinka ma\u017eoms erdv\u0117ms ir yra puiki sve\u010di\u0173 lova namuose, sve\u010di\u0173 namuose ir vie\u0161bu\u010diuose.<\/p>\n<p>Lovos r\u0117mas ir \u010diu\u017einys parduodami atskirai.<\/p>","protected":false},"excerpt":{"rendered":"<p>Bald\u0173 gamintojas \u201eDrewmax\u201c vertina ne tik estetik\u0105, bet ir savo gamini\u0173 funkcionalum\u0105. \u0160tai kod\u0117l LK138 pu\u0161in\u0117 lova buvo sukurta taip, kad b\u016bt\u0173 ne tik dekoratyvi, pasi\u017eyminti unikalia forma. Unikalus dizainas leid\u017eia derinti tiek horizontaliai, tiek vertikaliai. Ji idealiai tinka ma\u017eoms erdv\u0117ms ir yra puiki sve\u010di\u0173 lova [\u2026]<\/p>","protected":false},"featured_media":91253,"comment_status":"open","ping_status":"open","template":"","meta":[],"product_brand":[],"product_cat":[9305,505,2113],"product_tag":[],"class_list":{"0":"post-91265","1":"product","2":"type-product","3":"status-publish","4":"has-post-thumbnail","6":"product_cat-pine-furniture-drewmax","7":"product_cat-bedroom-beds","8":"product_cat-drewmax","10":"first","11":"instock","12":"purchasable","13":"product-type-simple"},"_links":{"self":[{"href":"https:\/\/baldumarket.lt\/lt\/wp-json\/wp\/v2\/product\/91265","targetHints":{"allow":["GET"]}}],"collection":[{"href":"https:\/\/baldumarket.lt\/lt\/wp-json\/wp\/v2\/product"}],"about":[{"href":"https:\/\/baldumarket.lt\/lt\/wp-json\/wp\/v2\/types\/product"}],"replies":[{"embeddable":true,"href":"https:\/\/baldumarket.lt\/lt\/wp-json\/wp\/v2\/comments?post=91265"}],"wp:featuredmedia":[{"embeddable":true,"href":"https:\/\/baldumarket.lt\/lt\/wp-json\/wp\/v2\/media\/91253"}],"wp:attachment":[{"href":"https:\/\/baldumarket.lt\/lt\/wp-json\/wp\/v2\/media?parent=91265"}],"wp:term":[{"taxonomy":"product_brand","embeddable":true,"href":"https:\/\/baldumarket.lt\/lt\/wp-json\/wp\/v2\/product_brand?post=91265"},{"taxonomy":"product_cat","embeddable":true,"href":"https:\/\/baldumarket.lt\/lt\/wp-json\/wp\/v2\/product_cat?post=91265"},{"taxonomy":"product_tag","embeddable":true,"href":"https:\/\/baldumarket.lt\/lt\/wp-json\/wp\/v2\/product_tag?post=91265"}],"curies":[{"name":"wp","href":"https:\/\/api.w.org\/{rel}","templated":true}]}}