{"id":91227,"date":"2025-12-05T01:42:20","date_gmt":"2025-12-04T22:42:20","guid":{"rendered":"https:\/\/baldumarket.lt\/product\/naroznik-sosnowy-nr101-sosna-olcha\/"},"modified":"2026-02-04T00:04:40","modified_gmt":"2026-02-03T21:04:40","slug":"naroznik-sosnowy-nr101-sosna-olcha","status":"publish","type":"product","link":"https:\/\/baldumarket.lt\/lt\/product\/naroznik-sosnowy-nr101-sosna-olcha\/","title":{"rendered":"Pu\u0161in\u0117 kampin\u0117 sofa NR101 pu\u0161is-alksnis"},"content":{"rendered":"<p>\u0160i paprasta, klasikinio stiliaus kampin\u0117 sofa, pagaminta i\u0161 pu\u0161ies masyvo, puikiai tiks kaln\u0173 stiliumi dekoruotai virtuvei ar valgomajam. Nat\u016brali mediena ir paprastas NR101 kampin\u0117s sofos dizainas suteikia jai nesenstant\u012f charakter\u012f. Kartu su stalu (ST103) ir papildomomis tos pa\u010dios kolekcijos taburet\u0117mis (NR113) galite sukurti komplekt\u0105, kuriame tilps dar daugiau sve\u010di\u0173.<\/p>","protected":false},"excerpt":{"rendered":"<p>\u0160i paprasta, klasikinio stiliaus kampin\u0117 sofa, pagaminta i\u0161 masyvios pu\u0161ies medienos, puikiai tinka kaln\u0173 stiliumi dekoruotai virtuvei ar valgomajam. Nat\u016brali mediena ir paprastas NR101 kampin\u0117s sofos dizainas suteikia jai nesenstant\u012f charakter\u012f. Kartu su stalu (ST103) ir papildomais tos pa\u010dios kolekcijos taburet\u0117mis (NR113) galite sukurti [\u2026]<\/p>","protected":false},"featured_media":91218,"comment_status":"open","ping_status":"open","template":"","meta":[],"product_brand":[],"product_cat":[9307,1928,2113],"product_tag":[],"class_list":{"0":"post-91227","1":"product","2":"type-product","3":"status-publish","4":"has-post-thumbnail","6":"product_cat-garden-furniture-drewmax","7":"product_cat-benches","8":"product_cat-drewmax","10":"first","11":"instock","12":"purchasable","13":"product-type-simple"},"_links":{"self":[{"href":"https:\/\/baldumarket.lt\/lt\/wp-json\/wp\/v2\/product\/91227","targetHints":{"allow":["GET"]}}],"collection":[{"href":"https:\/\/baldumarket.lt\/lt\/wp-json\/wp\/v2\/product"}],"about":[{"href":"https:\/\/baldumarket.lt\/lt\/wp-json\/wp\/v2\/types\/product"}],"replies":[{"embeddable":true,"href":"https:\/\/baldumarket.lt\/lt\/wp-json\/wp\/v2\/comments?post=91227"}],"wp:featuredmedia":[{"embeddable":true,"href":"https:\/\/baldumarket.lt\/lt\/wp-json\/wp\/v2\/media\/91218"}],"wp:attachment":[{"href":"https:\/\/baldumarket.lt\/lt\/wp-json\/wp\/v2\/media?parent=91227"}],"wp:term":[{"taxonomy":"product_brand","embeddable":true,"href":"https:\/\/baldumarket.lt\/lt\/wp-json\/wp\/v2\/product_brand?post=91227"},{"taxonomy":"product_cat","embeddable":true,"href":"https:\/\/baldumarket.lt\/lt\/wp-json\/wp\/v2\/product_cat?post=91227"},{"taxonomy":"product_tag","embeddable":true,"href":"https:\/\/baldumarket.lt\/lt\/wp-json\/wp\/v2\/product_tag?post=91227"}],"curies":[{"name":"wp","href":"https:\/\/api.w.org\/{rel}","templated":true}]}}