{"id":91215,"date":"2025-12-05T01:42:07","date_gmt":"2025-12-04T22:42:07","guid":{"rendered":"https:\/\/baldumarket.lt\/product\/naroznik-sosnowy-nr106-sosna-dab-4\/"},"modified":"2026-02-04T00:04:41","modified_gmt":"2026-02-03T21:04:41","slug":"naroznik-sosnowy-nr106-sosna-dab-4","status":"publish","type":"product","link":"https:\/\/baldumarket.lt\/lt\/product\/naroznik-sosnowy-nr106-sosna-dab-4\/","title":{"rendered":"Pu\u0161in\u0117 kampin\u0117 sofa NR106, pu\u0161is-\u0105\u017euolas"},"content":{"rendered":"<p>Tradicinio, paprasto dizaino pu\u0161inis virtuv\u0117s suolas NR106 yra puikus sprendimas tiems, kurie vertina klasikinius ir funkcionalius baldus. Mink\u0161ta s\u0117dyn\u0117 ir atlo\u0161as padidina komfort\u0105.<\/p>","protected":false},"excerpt":{"rendered":"<p>Tradicinio, paprasto dizaino pu\u0161inis virtuv\u0117s suolas NR106 yra puikus sprendimas tiems, kurie vertina klasikinius ir funkcionalius baldus. Mink\u0161ta s\u0117dyn\u0117 ir atlo\u0161as padidina komfort\u0105.<\/p>","protected":false},"featured_media":91188,"comment_status":"open","ping_status":"open","template":"","meta":[],"product_brand":[],"product_cat":[9307,1928,2113],"product_tag":[],"class_list":{"0":"post-91215","1":"product","2":"type-product","3":"status-publish","4":"has-post-thumbnail","6":"product_cat-garden-furniture-drewmax","7":"product_cat-benches","8":"product_cat-drewmax","10":"first","11":"instock","12":"purchasable","13":"product-type-simple"},"_links":{"self":[{"href":"https:\/\/baldumarket.lt\/lt\/wp-json\/wp\/v2\/product\/91215","targetHints":{"allow":["GET"]}}],"collection":[{"href":"https:\/\/baldumarket.lt\/lt\/wp-json\/wp\/v2\/product"}],"about":[{"href":"https:\/\/baldumarket.lt\/lt\/wp-json\/wp\/v2\/types\/product"}],"replies":[{"embeddable":true,"href":"https:\/\/baldumarket.lt\/lt\/wp-json\/wp\/v2\/comments?post=91215"}],"wp:featuredmedia":[{"embeddable":true,"href":"https:\/\/baldumarket.lt\/lt\/wp-json\/wp\/v2\/media\/91188"}],"wp:attachment":[{"href":"https:\/\/baldumarket.lt\/lt\/wp-json\/wp\/v2\/media?parent=91215"}],"wp:term":[{"taxonomy":"product_brand","embeddable":true,"href":"https:\/\/baldumarket.lt\/lt\/wp-json\/wp\/v2\/product_brand?post=91215"},{"taxonomy":"product_cat","embeddable":true,"href":"https:\/\/baldumarket.lt\/lt\/wp-json\/wp\/v2\/product_cat?post=91215"},{"taxonomy":"product_tag","embeddable":true,"href":"https:\/\/baldumarket.lt\/lt\/wp-json\/wp\/v2\/product_tag?post=91215"}],"curies":[{"name":"wp","href":"https:\/\/api.w.org\/{rel}","templated":true}]}}