{"id":91147,"date":"2025-12-05T01:40:39","date_gmt":"2025-12-04T22:40:39","guid":{"rendered":"https:\/\/baldumarket.lt\/product\/naroznik-sosnowy-nr113-sosna-dab\/"},"modified":"2026-02-04T00:04:53","modified_gmt":"2026-02-03T21:04:53","slug":"naroznik-sosnowy-nr113-sosna-dab","status":"publish","type":"product","link":"https:\/\/baldumarket.lt\/lt\/product\/naroznik-sosnowy-nr113-sosna-dab\/","title":{"rendered":"Pu\u0161in\u0117 kampin\u0117 sofa NR113, pu\u0161is, \u0105\u017euolas"},"content":{"rendered":"<p>Paprastas, klasikinis NR113 taburetis puikiai papildo kampines sofas i\u0161 pu\u0161ini\u0173 bald\u0173 kolekcijos. Klasikin\u0117, paprasta i\u0161vaizda puikiai tinka beveik bet kokiam interjerui. Nat\u016brali mediena, i\u0161 kurios jis pagamintas, suteikia jam \u017eavesio.<\/p>","protected":false},"excerpt":{"rendered":"<p>Paprastas, klasikinis NR113 taburetis puikiai papildo kampines sofas i\u0161 pu\u0161ini\u0173 bald\u0173 kolekcijos. Klasikin\u0117, paprasta i\u0161vaizda puikiai tinka beveik bet kokiam interjerui. Nat\u016brali mediena, i\u0161 kurios jis pagamintas, suteikia jam \u017eavesio.<\/p>","protected":false},"featured_media":91148,"comment_status":"open","ping_status":"open","template":"","meta":[],"product_brand":[],"product_cat":[9307,1930,2113],"product_tag":[],"class_list":{"0":"post-91147","1":"product","2":"type-product","3":"status-publish","4":"has-post-thumbnail","6":"product_cat-garden-furniture-drewmax","7":"product_cat-chairs","8":"product_cat-drewmax","10":"first","11":"instock","12":"purchasable","13":"product-type-simple"},"_links":{"self":[{"href":"https:\/\/baldumarket.lt\/lt\/wp-json\/wp\/v2\/product\/91147","targetHints":{"allow":["GET"]}}],"collection":[{"href":"https:\/\/baldumarket.lt\/lt\/wp-json\/wp\/v2\/product"}],"about":[{"href":"https:\/\/baldumarket.lt\/lt\/wp-json\/wp\/v2\/types\/product"}],"replies":[{"embeddable":true,"href":"https:\/\/baldumarket.lt\/lt\/wp-json\/wp\/v2\/comments?post=91147"}],"wp:featuredmedia":[{"embeddable":true,"href":"https:\/\/baldumarket.lt\/lt\/wp-json\/wp\/v2\/media\/91148"}],"wp:attachment":[{"href":"https:\/\/baldumarket.lt\/lt\/wp-json\/wp\/v2\/media?parent=91147"}],"wp:term":[{"taxonomy":"product_brand","embeddable":true,"href":"https:\/\/baldumarket.lt\/lt\/wp-json\/wp\/v2\/product_brand?post=91147"},{"taxonomy":"product_cat","embeddable":true,"href":"https:\/\/baldumarket.lt\/lt\/wp-json\/wp\/v2\/product_cat?post=91147"},{"taxonomy":"product_tag","embeddable":true,"href":"https:\/\/baldumarket.lt\/lt\/wp-json\/wp\/v2\/product_tag?post=91147"}],"curies":[{"name":"wp","href":"https:\/\/api.w.org\/{rel}","templated":true}]}}